{"id":979,"date":"2022-09-23T11:32:27","date_gmt":"2022-09-23T10:32:27","guid":{"rendered":"https:\/\/kapini.dk\/?post_type=product&#038;p=979"},"modified":"2023-02-14T15:17:05","modified_gmt":"2023-02-14T14:17:05","slug":"ditya-ohrringe","status":"publish","type":"product","link":"https:\/\/kapini.dk\/de\/red-leaves\/ditya-ohrringe\/","title":{"rendered":"Ditya-Ohrringe"},"content":{"rendered":"<p>Sch\u00f6ner und detailreicher Ohrring mit Schmetterlingsmotiv aus rhodiniertem und vergoldetem (24ct.) Sterlingsilber.<\/p>\n<p>Der Ohrring ist mit Ohrstecker.<\/p>\n<p>Edelsteine : Peridot und Amethyst<\/p>\n<p>H\u00f6he, einschlie\u00dflich Ohrb\u00fcgel: 44 mm, Breite: 22 mm, Tiefe, ohne Ohrb\u00fcgel: 5 mm<\/p>\n<!--themify_builder_content-->\n<div id=\"themify_builder_content-979\" data-postid=\"979\" class=\"themify_builder_content themify_builder_content-979 themify_builder tf_clear\">\n    <\/div>\n<!--\/themify_builder_content-->\n","protected":false},"excerpt":{"rendered":"<p>Eleganter Ohrring mit kantigem Look aus rhodiniertem Sterlingsilber. Der Ohrring ist mit Ohrstecker.<\/p>\n<p>Stein: gr\u00fcner Spinell<\/p>\n<p>H\u00f6he, einschlie\u00dflich Ohrb\u00fcgel: 22 mm, Breite: 13 mm, Tiefe, ohne Ohrb\u00fcgel: 9 mm<\/p>\n","protected":false},"featured_media":983,"comment_status":"open","ping_status":"closed","template":"","meta":[],"product_brand":[],"product_cat":[81,82],"product_tag":[],"class_list":{"0":"post-979","1":"product","2":"type-product","3":"status-publish","4":"has-post-thumbnail","6":"product_cat-ohrringe","7":"product_cat-red-leaves","8":"pa_farve-tuerken","9":"pa_metal-gold-de","10":"pa_metal-rhodium-de","11":"pa_sten-spinell","12":"has-post-title","13":"has-post-date","14":"has-post-category","15":"has-post-tag","16":"has-post-comment","17":"has-post-author","18":"","20":"first","21":"instock","22":"taxable","23":"shipping-taxable","24":"purchasable","25":"product-type-simple"},"builder_content":"","_links":{"self":[{"href":"https:\/\/kapini.dk\/de\/wp-json\/wp\/v2\/product\/979","targetHints":{"allow":["GET"]}}],"collection":[{"href":"https:\/\/kapini.dk\/de\/wp-json\/wp\/v2\/product"}],"about":[{"href":"https:\/\/kapini.dk\/de\/wp-json\/wp\/v2\/types\/product"}],"replies":[{"embeddable":true,"href":"https:\/\/kapini.dk\/de\/wp-json\/wp\/v2\/comments?post=979"}],"wp:featuredmedia":[{"embeddable":true,"href":"https:\/\/kapini.dk\/de\/wp-json\/wp\/v2\/media\/983"}],"wp:attachment":[{"href":"https:\/\/kapini.dk\/de\/wp-json\/wp\/v2\/media?parent=979"}],"wp:term":[{"taxonomy":"product_brand","embeddable":true,"href":"https:\/\/kapini.dk\/de\/wp-json\/wp\/v2\/product_brand?post=979"},{"taxonomy":"product_cat","embeddable":true,"href":"https:\/\/kapini.dk\/de\/wp-json\/wp\/v2\/product_cat?post=979"},{"taxonomy":"product_tag","embeddable":true,"href":"https:\/\/kapini.dk\/de\/wp-json\/wp\/v2\/product_tag?post=979"}],"curies":[{"name":"wp","href":"https:\/\/api.w.org\/{rel}","templated":true}]}}