{"id":957,"date":"2022-09-23T11:17:55","date_gmt":"2022-09-23T10:17:55","guid":{"rendered":"https:\/\/kapini.dk\/?post_type=product&#038;p=957"},"modified":"2022-09-23T11:21:03","modified_gmt":"2022-09-23T10:21:03","slug":"chenbagam-ohrringe-2","status":"publish","type":"product","link":"https:\/\/kapini.dk\/de\/red-leaves\/chenbagam-ohrringe-2\/","title":{"rendered":"Chenbagam-Ohrringe"},"content":{"rendered":"<p>Sch\u00f6ner und detailreicher Ohrring mit Schmetterlingsmotiv aus rhodiniertem und vergoldetem (24ct.) Sterlingsilber.<\/p>\n<p>Der Ohrring ist mit Ohrstecker.<\/p>\n<p>Edelsteine : Peridot und Amethyst<\/p>\n<p>H\u00f6he, einschlie\u00dflich Ohrb\u00fcgel: 44 mm, Breite: 22 mm, Tiefe, ohne Ohrb\u00fcgel: 5 mm<\/p>\n<!--themify_builder_content-->\n<div id=\"themify_builder_content-957\" data-postid=\"957\" class=\"themify_builder_content themify_builder_content-957 themify_builder tf_clear\">\n    <\/div>\n<!--\/themify_builder_content-->\n","protected":false},"excerpt":{"rendered":"<p>Sch\u00f6ner und einzigartiger Ohrring aus rhodiniertem und vergoldetem (24ct.) Sterlingsilber.<\/p>\n<p>Der Ohrring ist mit Ohrstecker.<\/p>\n<p>Steine: Topas, London-blue Topas und Amethyst.<\/p>\n<p>H\u00f6he, einschlie\u00dflich Ohrb\u00fcgel: 50 mm, Breite: 18 mm, Tiefe, ohne Ohrb\u00fcgel: 5 mm<\/p>\n","protected":false},"featured_media":961,"comment_status":"open","ping_status":"closed","template":"","meta":[],"product_brand":[],"product_cat":[81,82],"product_tag":[],"class_list":{"0":"post-957","1":"product","2":"type-product","3":"status-publish","4":"has-post-thumbnail","6":"product_cat-ohrringe","7":"product_cat-red-leaves","8":"pa_farve-blau","9":"pa_farve-kleine","10":"pa_metal-gold-de","11":"pa_metal-rhodium-de","12":"pa_sten-amethyst","13":"pa_sten-londoner-blautopas","14":"has-post-title","15":"has-post-date","16":"has-post-category","17":"has-post-tag","18":"has-post-comment","19":"has-post-author","20":"","22":"first","23":"instock","24":"taxable","25":"shipping-taxable","26":"purchasable","27":"product-type-simple"},"builder_content":"","_links":{"self":[{"href":"https:\/\/kapini.dk\/de\/wp-json\/wp\/v2\/product\/957","targetHints":{"allow":["GET"]}}],"collection":[{"href":"https:\/\/kapini.dk\/de\/wp-json\/wp\/v2\/product"}],"about":[{"href":"https:\/\/kapini.dk\/de\/wp-json\/wp\/v2\/types\/product"}],"replies":[{"embeddable":true,"href":"https:\/\/kapini.dk\/de\/wp-json\/wp\/v2\/comments?post=957"}],"wp:featuredmedia":[{"embeddable":true,"href":"https:\/\/kapini.dk\/de\/wp-json\/wp\/v2\/media\/961"}],"wp:attachment":[{"href":"https:\/\/kapini.dk\/de\/wp-json\/wp\/v2\/media?parent=957"}],"wp:term":[{"taxonomy":"product_brand","embeddable":true,"href":"https:\/\/kapini.dk\/de\/wp-json\/wp\/v2\/product_brand?post=957"},{"taxonomy":"product_cat","embeddable":true,"href":"https:\/\/kapini.dk\/de\/wp-json\/wp\/v2\/product_cat?post=957"},{"taxonomy":"product_tag","embeddable":true,"href":"https:\/\/kapini.dk\/de\/wp-json\/wp\/v2\/product_tag?post=957"}],"curies":[{"name":"wp","href":"https:\/\/api.w.org\/{rel}","templated":true}]}}