{"id":933,"date":"2022-09-23T10:34:12","date_gmt":"2022-09-23T09:34:12","guid":{"rendered":"https:\/\/kapini.dk\/?post_type=product&#038;p=933"},"modified":"2022-09-23T11:00:08","modified_gmt":"2022-09-23T10:00:08","slug":"chaha-ohrringe","status":"publish","type":"product","link":"https:\/\/kapini.dk\/de\/suesswasserperlen\/chaha-ohrringe\/","title":{"rendered":"Chaha-Ohrringe"},"content":{"rendered":"<p>Sch\u00f6ner und detailreicher Ohrring mit Schmetterlingsmotiv aus rhodiniertem und vergoldetem (24ct.) Sterlingsilber.<\/p>\n<p>Der Ohrring ist mit Ohrstecker.<\/p>\n<p>Edelsteine : Peridot und Amethyst<\/p>\n<p>H\u00f6he, einschlie\u00dflich Ohrb\u00fcgel: 44 mm, Breite: 22 mm, Tiefe, ohne Ohrb\u00fcgel: 5 mm<\/p>\n<!--themify_builder_content-->\n<div id=\"themify_builder_content-933\" data-postid=\"933\" class=\"themify_builder_content themify_builder_content-933 themify_builder tf_clear\">\n    <\/div>\n<!--\/themify_builder_content-->\n","protected":false},"excerpt":{"rendered":"<p>Anmutiger Ohrring mit sch\u00f6nem Blumenmotiv aus rhodiniertem und vergoldetem (24ct.) Sterlingsilber.<\/p>\n<p>Edelsteine: S\u00fc\u00dfwasserperlen, Peridot, wei\u00dfer Zirkon, Granat, Topas und Amethyst.<\/p>\n<p>H\u00f6he: 18 mm, Breite: 16 mm, Tiefe, ohne Ohrring: 12 mm<\/p>\n","protected":false},"featured_media":937,"comment_status":"open","ping_status":"closed","template":"","meta":[],"product_brand":[],"product_cat":[81,211,82],"product_tag":[],"class_list":{"0":"post-933","1":"product","2":"type-product","3":"status-publish","4":"has-post-thumbnail","6":"product_cat-ohrringe","7":"product_cat-suesswasserperlen","8":"product_cat-red-leaves","9":"pa_farve-kleine","10":"pa_metal-gold-de","11":"pa_metal-rhodium-de","12":"pa_sten-amethyst","13":"pa_sten-granat","14":"pa_sten-londoner-blautopas","15":"pa_sten-peridot","16":"pa_sten-perlen","17":"pa_sten-zirkon-de","18":"has-post-title","19":"has-post-date","20":"has-post-category","21":"has-post-tag","22":"has-post-comment","23":"has-post-author","24":"","26":"first","27":"outofstock","28":"taxable","29":"shipping-taxable","30":"purchasable","31":"product-type-simple"},"builder_content":"","_links":{"self":[{"href":"https:\/\/kapini.dk\/de\/wp-json\/wp\/v2\/product\/933","targetHints":{"allow":["GET"]}}],"collection":[{"href":"https:\/\/kapini.dk\/de\/wp-json\/wp\/v2\/product"}],"about":[{"href":"https:\/\/kapini.dk\/de\/wp-json\/wp\/v2\/types\/product"}],"replies":[{"embeddable":true,"href":"https:\/\/kapini.dk\/de\/wp-json\/wp\/v2\/comments?post=933"}],"wp:featuredmedia":[{"embeddable":true,"href":"https:\/\/kapini.dk\/de\/wp-json\/wp\/v2\/media\/937"}],"wp:attachment":[{"href":"https:\/\/kapini.dk\/de\/wp-json\/wp\/v2\/media?parent=933"}],"wp:term":[{"taxonomy":"product_brand","embeddable":true,"href":"https:\/\/kapini.dk\/de\/wp-json\/wp\/v2\/product_brand?post=933"},{"taxonomy":"product_cat","embeddable":true,"href":"https:\/\/kapini.dk\/de\/wp-json\/wp\/v2\/product_cat?post=933"},{"taxonomy":"product_tag","embeddable":true,"href":"https:\/\/kapini.dk\/de\/wp-json\/wp\/v2\/product_tag?post=933"}],"curies":[{"name":"wp","href":"https:\/\/api.w.org\/{rel}","templated":true}]}}