{"id":623,"date":"2022-08-10T10:31:55","date_gmt":"2022-08-10T09:31:55","guid":{"rendered":"https:\/\/kapini.dk\/unkategorisiert\/devna-ring\/"},"modified":"2022-09-22T13:02:22","modified_gmt":"2022-09-22T12:02:22","slug":"devna-ring","status":"publish","type":"product","link":"https:\/\/kapini.dk\/de\/fingerringe\/devna-ring\/","title":{"rendered":"Devna-Ring"},"content":{"rendered":"<!--themify_builder_content-->\n<div id=\"themify_builder_content-623\" data-postid=\"623\" class=\"themify_builder_content themify_builder_content-623 themify_builder tf_clear\">\n    <\/div>\n<!--\/themify_builder_content-->\n","protected":false},"excerpt":{"rendered":"<p>Sch\u00f6ner und raffinierter Fingerring mit einem anderen nat\u00fcrlichen Ausdruck; der Ring erscheint sowohl in rhodiniertem als auch in vergoldetem (24 krt.) Sterlingsilber.<\/p>\n<p><strong>Edelsteine:<\/strong> Opal, Peridot, Zirkon und Rauchquarz<\/p>\n<p><strong>H\u00f6he:<\/strong> 16 mm<br \/>\n<strong>Breite:<\/strong> 22 mm<br \/>\n<strong>Tiefe:<\/strong> 28 mm (Ma\u00dfe variieren je nach Ringgr\u00f6\u00dfe)<\/p>\n","protected":false},"featured_media":786,"comment_status":"open","ping_status":"closed","template":"","meta":[],"product_brand":[],"product_cat":[168,82],"product_tag":[],"class_list":{"0":"post-623","1":"product","2":"type-product","3":"status-publish","4":"has-post-thumbnail","6":"product_cat-fingerringe","7":"product_cat-red-leaves","8":"pa_farve-blau","9":"pa_farve-braun","10":"pa_farve-gruen","11":"pa_metal-gold-de","12":"pa_metal-rhodium-de","13":"pa_sten-opal","14":"pa_sten-peridot","15":"pa_sten-rauchquarz","16":"pa_str-50-de","17":"pa_str-52-de","18":"pa_str-54-de","19":"pa_str-56-de","20":"pa_str-58-de","21":"pa_str-60-de","22":"has-post-title","23":"has-post-date","24":"has-post-category","25":"has-post-tag","26":"has-post-comment","27":"has-post-author","28":"","30":"first","31":"outofstock","32":"taxable","33":"shipping-taxable","34":"purchasable","35":"product-type-variable"},"builder_content":"","_links":{"self":[{"href":"https:\/\/kapini.dk\/de\/wp-json\/wp\/v2\/product\/623","targetHints":{"allow":["GET"]}}],"collection":[{"href":"https:\/\/kapini.dk\/de\/wp-json\/wp\/v2\/product"}],"about":[{"href":"https:\/\/kapini.dk\/de\/wp-json\/wp\/v2\/types\/product"}],"replies":[{"embeddable":true,"href":"https:\/\/kapini.dk\/de\/wp-json\/wp\/v2\/comments?post=623"}],"wp:featuredmedia":[{"embeddable":true,"href":"https:\/\/kapini.dk\/de\/wp-json\/wp\/v2\/media\/786"}],"wp:attachment":[{"href":"https:\/\/kapini.dk\/de\/wp-json\/wp\/v2\/media?parent=623"}],"wp:term":[{"taxonomy":"product_brand","embeddable":true,"href":"https:\/\/kapini.dk\/de\/wp-json\/wp\/v2\/product_brand?post=623"},{"taxonomy":"product_cat","embeddable":true,"href":"https:\/\/kapini.dk\/de\/wp-json\/wp\/v2\/product_cat?post=623"},{"taxonomy":"product_tag","embeddable":true,"href":"https:\/\/kapini.dk\/de\/wp-json\/wp\/v2\/product_tag?post=623"}],"curies":[{"name":"wp","href":"https:\/\/api.w.org\/{rel}","templated":true}]}}