{"id":5182,"date":"2022-09-30T00:58:16","date_gmt":"2022-09-29T23:58:16","guid":{"rendered":"https:\/\/kapini.dk\/?post_type=product&#038;p=5182"},"modified":"2022-10-03T13:46:03","modified_gmt":"2022-10-03T12:46:03","slug":"sofia-ring","status":"publish","type":"product","link":"https:\/\/kapini.dk\/de\/fingerringe\/sofia-ring\/","title":{"rendered":"Sofia-Ring"},"content":{"rendered":"<!--themify_builder_content-->\n<div id=\"themify_builder_content-5182\" data-postid=\"5182\" class=\"themify_builder_content themify_builder_content-5182 themify_builder tf_clear\">\n    <\/div>\n<!--\/themify_builder_content-->\n","protected":false},"excerpt":{"rendered":"<p>Raffinierter Fingerring mit sch\u00f6n komponierten Edelsteinen; der Ring erscheint in leicht geb\u00fcrstetem Sterlingsilber.<\/p>\n<p><span style=\"text-decoration: underline;\">Edelsteine:<\/span> Mondstein und Londoner Blautopas<\/p>\n<p><span style=\"text-decoration: underline;\">H\u00f6he:<\/span> 6 mm<br \/>\n<span style=\"text-decoration: underline;\">Breite:<\/span> 20 mm<br \/>\n<span style=\"text-decoration: underline;\">Tiefe:<\/span> 24 mm<\/p>\n<p>(Ma\u00dfe variieren je nach Ringgr\u00f6\u00dfe)<\/p>\n","protected":false},"featured_media":5186,"comment_status":"open","ping_status":"closed","template":"","meta":[],"product_brand":[],"product_cat":[168,102],"product_tag":[],"class_list":{"0":"post-5182","1":"product","2":"type-product","3":"status-publish","4":"has-post-thumbnail","6":"product_cat-fingerringe","7":"product_cat-yellow-leaves","8":"pa_metal-silber","9":"pa_sten-londoner-blautopas","10":"pa_sten-mondsteine","11":"has-post-title","12":"has-post-date","13":"has-post-category","14":"has-post-tag","15":"has-post-comment","16":"has-post-author","17":"","19":"first","20":"outofstock","21":"taxable","22":"shipping-taxable","23":"purchasable","24":"product-type-simple"},"builder_content":"","_links":{"self":[{"href":"https:\/\/kapini.dk\/de\/wp-json\/wp\/v2\/product\/5182","targetHints":{"allow":["GET"]}}],"collection":[{"href":"https:\/\/kapini.dk\/de\/wp-json\/wp\/v2\/product"}],"about":[{"href":"https:\/\/kapini.dk\/de\/wp-json\/wp\/v2\/types\/product"}],"replies":[{"embeddable":true,"href":"https:\/\/kapini.dk\/de\/wp-json\/wp\/v2\/comments?post=5182"}],"wp:featuredmedia":[{"embeddable":true,"href":"https:\/\/kapini.dk\/de\/wp-json\/wp\/v2\/media\/5186"}],"wp:attachment":[{"href":"https:\/\/kapini.dk\/de\/wp-json\/wp\/v2\/media?parent=5182"}],"wp:term":[{"taxonomy":"product_brand","embeddable":true,"href":"https:\/\/kapini.dk\/de\/wp-json\/wp\/v2\/product_brand?post=5182"},{"taxonomy":"product_cat","embeddable":true,"href":"https:\/\/kapini.dk\/de\/wp-json\/wp\/v2\/product_cat?post=5182"},{"taxonomy":"product_tag","embeddable":true,"href":"https:\/\/kapini.dk\/de\/wp-json\/wp\/v2\/product_tag?post=5182"}],"curies":[{"name":"wp","href":"https:\/\/api.w.org\/{rel}","templated":true}]}}