{"id":5107,"date":"2022-09-30T00:16:07","date_gmt":"2022-09-29T23:16:07","guid":{"rendered":"https:\/\/kapini.dk\/?post_type=product&#038;p=5107"},"modified":"2022-10-03T13:46:03","modified_gmt":"2022-10-03T12:46:03","slug":"gia-ring-granat","status":"publish","type":"product","link":"https:\/\/kapini.dk\/de\/fingerringe\/gia-ring-granat\/","title":{"rendered":"Gia Ring &#8211; Granat"},"content":{"rendered":"<!--themify_builder_content-->\n<div id=\"themify_builder_content-5107\" data-postid=\"5107\" class=\"themify_builder_content themify_builder_content-5107 themify_builder tf_clear\">\n    <\/div>\n<!--\/themify_builder_content-->\n","protected":false},"excerpt":{"rendered":"<p>Sch\u00f6ner und stilvoller Fingerring mit eingesetzten roten Steinen; der Ring erscheint in leicht geb\u00fcrstetem und vergoldetem (24ct.) Sterlingsilber.<\/p>\n<p><span style=\"text-decoration: underline;\">Steine:<\/span> rosa Turmalin und roter Granat<\/p>\n<p><span style=\"text-decoration: underline;\">H\u00f6he:<\/span> 5mm<br \/>\n<span style=\"text-decoration: underline;\">Breite:<\/span> 20 mm<br \/>\n<span style=\"text-decoration: underline;\">Tiefe:<\/span> 22 mm<\/p>\n<p>(Ma\u00dfe variieren je nach Ringgr\u00f6\u00dfe)<\/p>\n<p>Dieser Fingerring ist offen und kann in der Gr\u00f6\u00dfe angepasst werden.<\/p>\n","protected":false},"featured_media":5105,"comment_status":"open","ping_status":"closed","template":"","meta":[],"product_brand":[],"product_cat":[168,102],"product_tag":[],"class_list":{"0":"post-5107","1":"product","2":"type-product","3":"status-publish","4":"has-post-thumbnail","6":"product_cat-fingerringe","7":"product_cat-yellow-leaves","8":"pa_farve-gruen","9":"pa_farve-rosa","10":"pa_metal-gold-de","11":"pa_sten-turmalin","12":"has-post-title","13":"has-post-date","14":"has-post-category","15":"has-post-tag","16":"has-post-comment","17":"has-post-author","18":"","20":"first","21":"outofstock","22":"taxable","23":"shipping-taxable","24":"purchasable","25":"product-type-simple"},"builder_content":"","_links":{"self":[{"href":"https:\/\/kapini.dk\/de\/wp-json\/wp\/v2\/product\/5107","targetHints":{"allow":["GET"]}}],"collection":[{"href":"https:\/\/kapini.dk\/de\/wp-json\/wp\/v2\/product"}],"about":[{"href":"https:\/\/kapini.dk\/de\/wp-json\/wp\/v2\/types\/product"}],"replies":[{"embeddable":true,"href":"https:\/\/kapini.dk\/de\/wp-json\/wp\/v2\/comments?post=5107"}],"wp:featuredmedia":[{"embeddable":true,"href":"https:\/\/kapini.dk\/de\/wp-json\/wp\/v2\/media\/5105"}],"wp:attachment":[{"href":"https:\/\/kapini.dk\/de\/wp-json\/wp\/v2\/media?parent=5107"}],"wp:term":[{"taxonomy":"product_brand","embeddable":true,"href":"https:\/\/kapini.dk\/de\/wp-json\/wp\/v2\/product_brand?post=5107"},{"taxonomy":"product_cat","embeddable":true,"href":"https:\/\/kapini.dk\/de\/wp-json\/wp\/v2\/product_cat?post=5107"},{"taxonomy":"product_tag","embeddable":true,"href":"https:\/\/kapini.dk\/de\/wp-json\/wp\/v2\/product_tag?post=5107"}],"curies":[{"name":"wp","href":"https:\/\/api.w.org\/{rel}","templated":true}]}}