{"id":5042,"date":"2022-09-29T23:38:14","date_gmt":"2022-09-29T22:38:14","guid":{"rendered":"https:\/\/kapini.dk\/?post_type=product&#038;p=5042"},"modified":"2022-09-29T23:40:23","modified_gmt":"2022-09-29T22:40:23","slug":"felicita-ring","status":"publish","type":"product","link":"https:\/\/kapini.dk\/de\/fingerringe\/felicita-ring\/","title":{"rendered":"Felicita-Ring"},"content":{"rendered":"<!--themify_builder_content-->\n<div id=\"themify_builder_content-5042\" data-postid=\"5042\" class=\"themify_builder_content themify_builder_content-5042 themify_builder tf_clear\">\n    <\/div>\n<!--\/themify_builder_content-->\n","protected":false},"excerpt":{"rendered":"<p>Zierlicher Fingerring mit schlichtem und doch einzigartigem Ausdruck; der Ring erscheint in leicht geb\u00fcrstetem und vergoldetem (24ct.) Sterlingsilber.<\/p>\n<p><span style=\"text-decoration: underline;\">Steine:<\/span> rosa und gr\u00fcner Turmalin und nat\u00fcrlicher Zirkon<\/p>\n<p><span style=\"text-decoration: underline;\">H\u00f6he:<\/span> 7 mm<br \/>\n<span style=\"text-decoration: underline;\">Breite:<\/span> 21 mm<br \/>\n<span style=\"text-decoration: underline;\">Tiefe:<\/span> 23 mm<\/p>\n<p>(Ma\u00dfe variieren je nach Ringgr\u00f6\u00dfe)<\/p>\n","protected":false},"featured_media":5047,"comment_status":"open","ping_status":"closed","template":"","meta":[],"product_brand":[],"product_cat":[168,102],"product_tag":[],"class_list":{"0":"post-5042","1":"product","2":"type-product","3":"status-publish","4":"has-post-thumbnail","6":"product_cat-fingerringe","7":"product_cat-yellow-leaves","8":"pa_farve-gruen","9":"pa_farve-rosa","10":"pa_metal-gold-de","11":"pa_sten-turmalin","12":"has-post-title","13":"has-post-date","14":"has-post-category","15":"has-post-tag","16":"has-post-comment","17":"has-post-author","18":"","20":"first","21":"outofstock","22":"taxable","23":"shipping-taxable","24":"purchasable","25":"product-type-simple"},"builder_content":"","_links":{"self":[{"href":"https:\/\/kapini.dk\/de\/wp-json\/wp\/v2\/product\/5042","targetHints":{"allow":["GET"]}}],"collection":[{"href":"https:\/\/kapini.dk\/de\/wp-json\/wp\/v2\/product"}],"about":[{"href":"https:\/\/kapini.dk\/de\/wp-json\/wp\/v2\/types\/product"}],"replies":[{"embeddable":true,"href":"https:\/\/kapini.dk\/de\/wp-json\/wp\/v2\/comments?post=5042"}],"wp:featuredmedia":[{"embeddable":true,"href":"https:\/\/kapini.dk\/de\/wp-json\/wp\/v2\/media\/5047"}],"wp:attachment":[{"href":"https:\/\/kapini.dk\/de\/wp-json\/wp\/v2\/media?parent=5042"}],"wp:term":[{"taxonomy":"product_brand","embeddable":true,"href":"https:\/\/kapini.dk\/de\/wp-json\/wp\/v2\/product_brand?post=5042"},{"taxonomy":"product_cat","embeddable":true,"href":"https:\/\/kapini.dk\/de\/wp-json\/wp\/v2\/product_cat?post=5042"},{"taxonomy":"product_tag","embeddable":true,"href":"https:\/\/kapini.dk\/de\/wp-json\/wp\/v2\/product_tag?post=5042"}],"curies":[{"name":"wp","href":"https:\/\/api.w.org\/{rel}","templated":true}]}}