{"id":5024,"date":"2022-09-29T23:05:34","date_gmt":"2022-09-29T22:05:34","guid":{"rendered":"https:\/\/kapini.dk\/?post_type=product&#038;p=5024"},"modified":"2022-09-29T23:32:20","modified_gmt":"2022-09-29T22:32:20","slug":"faviola-ring","status":"publish","type":"product","link":"https:\/\/kapini.dk\/de\/fingerringe\/faviola-ring\/","title":{"rendered":"Faviola-Ring"},"content":{"rendered":"<!--themify_builder_content-->\n<div id=\"themify_builder_content-5024\" data-postid=\"5024\" class=\"themify_builder_content themify_builder_content-5024 themify_builder tf_clear\">\n    <\/div>\n<!--\/themify_builder_content-->\n","protected":false},"excerpt":{"rendered":"<p>H\u00fcbscher kleiner Fingerring mit farbenfrohem und reichem Ausdruck; der Ring erscheint in leicht geb\u00fcrstetem und vergoldetem (24ct.) Sterlingsilber.<\/p>\n<p><span style=\"text-decoration: underline;\">Steine:<\/span> Aquamarin und rosa, gelber und gr\u00fcner Turmalin<\/p>\n<p><span style=\"text-decoration: underline;\">H\u00f6he:<\/span> 4 mm<br \/>\n<span style=\"text-decoration: underline;\">Breite:<\/span> 21 mm<br \/>\n<span style=\"text-decoration: underline;\">Tiefe:<\/span> 23 mm<\/p>\n<p>(Ma\u00dfe variieren je nach Ringgr\u00f6\u00dfe)<\/p>\n","protected":false},"featured_media":5028,"comment_status":"open","ping_status":"closed","template":"","meta":[],"product_brand":[],"product_cat":[168,102],"product_tag":[],"class_list":{"0":"post-5024","1":"product","2":"type-product","3":"status-publish","4":"has-post-thumbnail","6":"product_cat-fingerringe","7":"product_cat-yellow-leaves","8":"pa_farve-gelb","9":"pa_farve-gruen","10":"pa_farve-rosa","11":"pa_metal-gold-de","12":"pa_sten-turmalin","13":"has-post-title","14":"has-post-date","15":"has-post-category","16":"has-post-tag","17":"has-post-comment","18":"has-post-author","19":"","21":"first","22":"outofstock","23":"taxable","24":"shipping-taxable","25":"purchasable","26":"product-type-simple"},"builder_content":"","_links":{"self":[{"href":"https:\/\/kapini.dk\/de\/wp-json\/wp\/v2\/product\/5024","targetHints":{"allow":["GET"]}}],"collection":[{"href":"https:\/\/kapini.dk\/de\/wp-json\/wp\/v2\/product"}],"about":[{"href":"https:\/\/kapini.dk\/de\/wp-json\/wp\/v2\/types\/product"}],"replies":[{"embeddable":true,"href":"https:\/\/kapini.dk\/de\/wp-json\/wp\/v2\/comments?post=5024"}],"wp:featuredmedia":[{"embeddable":true,"href":"https:\/\/kapini.dk\/de\/wp-json\/wp\/v2\/media\/5028"}],"wp:attachment":[{"href":"https:\/\/kapini.dk\/de\/wp-json\/wp\/v2\/media?parent=5024"}],"wp:term":[{"taxonomy":"product_brand","embeddable":true,"href":"https:\/\/kapini.dk\/de\/wp-json\/wp\/v2\/product_brand?post=5024"},{"taxonomy":"product_cat","embeddable":true,"href":"https:\/\/kapini.dk\/de\/wp-json\/wp\/v2\/product_cat?post=5024"},{"taxonomy":"product_tag","embeddable":true,"href":"https:\/\/kapini.dk\/de\/wp-json\/wp\/v2\/product_tag?post=5024"}],"curies":[{"name":"wp","href":"https:\/\/api.w.org\/{rel}","templated":true}]}}