{"id":5003,"date":"2022-09-29T22:49:09","date_gmt":"2022-09-29T21:49:09","guid":{"rendered":"https:\/\/kapini.dk\/?post_type=product&#038;p=5003"},"modified":"2022-09-29T23:05:10","modified_gmt":"2022-09-29T22:05:10","slug":"emma-ring","status":"publish","type":"product","link":"https:\/\/kapini.dk\/de\/fingerringe\/emma-ring\/","title":{"rendered":"Emma-Ring"},"content":{"rendered":"<!--themify_builder_content-->\n<div id=\"themify_builder_content-5003\" data-postid=\"5003\" class=\"themify_builder_content themify_builder_content-5003 themify_builder tf_clear\">\n    <\/div>\n<!--\/themify_builder_content-->\n","protected":false},"excerpt":{"rendered":"<p>Sch\u00f6ner Fingerring mit einer zierlichen Variation von sch\u00f6nen blauen Steinen von sehr hoher Qualit\u00e4t; der Ring erscheint in vergoldetem (24ct.) leicht geb\u00fcrstetem Sterlingsilber.<\/p>\n<p><span style=\"text-decoration: underline;\">Edelsteine:<\/span> Londoner Blautopas, Kyanit und Aquamarin<\/p>\n<p><span style=\"text-decoration: underline;\">H\u00f6he:<\/span> 14 mm<br \/>\n<span style=\"text-decoration: underline;\">Breite:<\/span> 20 mm<br \/>\n<span style=\"text-decoration: underline;\">Tiefe:<\/span> 22 mm<\/p>\n<p>(Ma\u00dfe variieren je nach Ringgr\u00f6\u00dfe)<\/p>\n","protected":false},"featured_media":5010,"comment_status":"open","ping_status":"closed","template":"","meta":[],"product_brand":[],"product_cat":[168,102],"product_tag":[],"class_list":{"0":"post-5003","1":"product","2":"type-product","3":"status-publish","4":"has-post-thumbnail","6":"product_cat-fingerringe","7":"product_cat-yellow-leaves","8":"pa_farve-blau","9":"pa_farve-gruen","10":"pa_farve-tuerken","11":"pa_metal-gold-de","12":"pa_sten-aquamarin","13":"pa_sten-kyanit","14":"pa_sten-londoner-blautopas","15":"has-post-title","16":"has-post-date","17":"has-post-category","18":"has-post-tag","19":"has-post-comment","20":"has-post-author","21":"","23":"first","24":"outofstock","25":"taxable","26":"shipping-taxable","27":"purchasable","28":"product-type-simple"},"builder_content":"","_links":{"self":[{"href":"https:\/\/kapini.dk\/de\/wp-json\/wp\/v2\/product\/5003","targetHints":{"allow":["GET"]}}],"collection":[{"href":"https:\/\/kapini.dk\/de\/wp-json\/wp\/v2\/product"}],"about":[{"href":"https:\/\/kapini.dk\/de\/wp-json\/wp\/v2\/types\/product"}],"replies":[{"embeddable":true,"href":"https:\/\/kapini.dk\/de\/wp-json\/wp\/v2\/comments?post=5003"}],"wp:featuredmedia":[{"embeddable":true,"href":"https:\/\/kapini.dk\/de\/wp-json\/wp\/v2\/media\/5010"}],"wp:attachment":[{"href":"https:\/\/kapini.dk\/de\/wp-json\/wp\/v2\/media?parent=5003"}],"wp:term":[{"taxonomy":"product_brand","embeddable":true,"href":"https:\/\/kapini.dk\/de\/wp-json\/wp\/v2\/product_brand?post=5003"},{"taxonomy":"product_cat","embeddable":true,"href":"https:\/\/kapini.dk\/de\/wp-json\/wp\/v2\/product_cat?post=5003"},{"taxonomy":"product_tag","embeddable":true,"href":"https:\/\/kapini.dk\/de\/wp-json\/wp\/v2\/product_tag?post=5003"}],"curies":[{"name":"wp","href":"https:\/\/api.w.org\/{rel}","templated":true}]}}