{"id":4991,"date":"2022-09-29T22:41:56","date_gmt":"2022-09-29T21:41:56","guid":{"rendered":"https:\/\/kapini.dk\/?post_type=product&#038;p=4991"},"modified":"2022-09-29T22:45:19","modified_gmt":"2022-09-29T21:45:19","slug":"edda-ring","status":"publish","type":"product","link":"https:\/\/kapini.dk\/de\/fingerringe\/edda-ring\/","title":{"rendered":"Edda-Ring"},"content":{"rendered":"<!--themify_builder_content-->\n<div id=\"themify_builder_content-4991\" data-postid=\"4991\" class=\"themify_builder_content themify_builder_content-4991 themify_builder tf_clear\">\n    <\/div>\n<!--\/themify_builder_content-->\n","protected":false},"excerpt":{"rendered":"<p>Gro\u00dfer, sichtbarer und sehr einzigartiger Fingerring; der Ring erscheint in gl\u00e4nzendem und leicht geb\u00fcrstetem Sterlingsilber.<\/p>\n<p><span style=\"text-decoration: underline;\">Stein:<\/span> Aqua-Chalcedon oder Druzy-Quarz<\/p>\n<p><span style=\"text-decoration: underline;\">H\u00f6he:<\/span> 25 mm<br \/>\n<span style=\"text-decoration: underline;\">Breite:<\/span> 22 mm<br \/>\n<span style=\"text-decoration: underline;\">Tiefe:<\/span> 27 mm<\/p>\n<p>(Ma\u00dfe variieren je nach Ringgr\u00f6\u00dfe)<\/p>\n<p>Dieser Fingerring ist offen, und die Gr\u00f6\u00dfe kann mit etwas Sorgfalt um eine Gr\u00f6\u00dfe nach oben oder unten angepasst werden.<\/p>\n","protected":false},"featured_media":4995,"comment_status":"open","ping_status":"closed","template":"","meta":[],"product_brand":[],"product_cat":[168,102],"product_tag":[],"class_list":{"0":"post-4991","1":"product","2":"type-product","3":"status-publish","4":"has-post-thumbnail","6":"product_cat-fingerringe","7":"product_cat-yellow-leaves","8":"pa_farve-gruen","9":"pa_metal-silber","10":"pa_sten-aqua-calcedon","11":"pa_sten-drusus-quarz","12":"has-post-title","13":"has-post-date","14":"has-post-category","15":"has-post-tag","16":"has-post-comment","17":"has-post-author","18":"","20":"first","21":"outofstock","22":"taxable","23":"shipping-taxable","24":"purchasable","25":"product-type-simple"},"builder_content":"","_links":{"self":[{"href":"https:\/\/kapini.dk\/de\/wp-json\/wp\/v2\/product\/4991","targetHints":{"allow":["GET"]}}],"collection":[{"href":"https:\/\/kapini.dk\/de\/wp-json\/wp\/v2\/product"}],"about":[{"href":"https:\/\/kapini.dk\/de\/wp-json\/wp\/v2\/types\/product"}],"replies":[{"embeddable":true,"href":"https:\/\/kapini.dk\/de\/wp-json\/wp\/v2\/comments?post=4991"}],"wp:featuredmedia":[{"embeddable":true,"href":"https:\/\/kapini.dk\/de\/wp-json\/wp\/v2\/media\/4995"}],"wp:attachment":[{"href":"https:\/\/kapini.dk\/de\/wp-json\/wp\/v2\/media?parent=4991"}],"wp:term":[{"taxonomy":"product_brand","embeddable":true,"href":"https:\/\/kapini.dk\/de\/wp-json\/wp\/v2\/product_brand?post=4991"},{"taxonomy":"product_cat","embeddable":true,"href":"https:\/\/kapini.dk\/de\/wp-json\/wp\/v2\/product_cat?post=4991"},{"taxonomy":"product_tag","embeddable":true,"href":"https:\/\/kapini.dk\/de\/wp-json\/wp\/v2\/product_tag?post=4991"}],"curies":[{"name":"wp","href":"https:\/\/api.w.org\/{rel}","templated":true}]}}