{"id":4985,"date":"2022-09-29T22:39:36","date_gmt":"2022-09-29T21:39:36","guid":{"rendered":"https:\/\/kapini.dk\/?post_type=product&#038;p=4985"},"modified":"2022-09-29T22:41:58","modified_gmt":"2022-09-29T21:41:58","slug":"dianora-ring","status":"publish","type":"product","link":"https:\/\/kapini.dk\/de\/fingerringe\/dianora-ring\/","title":{"rendered":"Dianora-Ring"},"content":{"rendered":"<!--themify_builder_content-->\n<div id=\"themify_builder_content-4985\" data-postid=\"4985\" class=\"themify_builder_content themify_builder_content-4985 themify_builder tf_clear\">\n    <\/div>\n<!--\/themify_builder_content-->\n","protected":false},"excerpt":{"rendered":"<p>Eleganter und einzigartiger Fingerring mit einem besonderen und stilvollen Ausdruck; der Ring ist aus rhodiniertem, leicht geb\u00fcrstetem Sterlingsilber.<\/p>\n<p><span style=\"text-decoration: underline;\">Stein:<\/span> schwarzer Rutilquarz<\/p>\n<p><span style=\"text-decoration: underline;\">H\u00f6he:<\/span> 18 mm<br \/>\n<span style=\"text-decoration: underline;\">Breite:<\/span> 21 mm<br \/>\n<span style=\"text-decoration: underline;\">Tiefe:<\/span> 26 mm<\/p>\n<p>(Ma\u00dfe variieren je nach Ringgr\u00f6\u00dfe)<\/p>\n","protected":false},"featured_media":4989,"comment_status":"open","ping_status":"closed","template":"","meta":[],"product_brand":[],"product_cat":[168,102],"product_tag":[],"class_list":{"0":"post-4985","1":"product","2":"type-product","3":"status-publish","4":"has-post-thumbnail","6":"product_cat-fingerringe","7":"product_cat-yellow-leaves","8":"pa_farve-schwarz","9":"pa_metal-rhodium-de","10":"pa_sten-rutil","11":"has-post-title","12":"has-post-date","13":"has-post-category","14":"has-post-tag","15":"has-post-comment","16":"has-post-author","17":"","19":"first","20":"outofstock","21":"taxable","22":"shipping-taxable","23":"purchasable","24":"product-type-simple"},"builder_content":"","_links":{"self":[{"href":"https:\/\/kapini.dk\/de\/wp-json\/wp\/v2\/product\/4985","targetHints":{"allow":["GET"]}}],"collection":[{"href":"https:\/\/kapini.dk\/de\/wp-json\/wp\/v2\/product"}],"about":[{"href":"https:\/\/kapini.dk\/de\/wp-json\/wp\/v2\/types\/product"}],"replies":[{"embeddable":true,"href":"https:\/\/kapini.dk\/de\/wp-json\/wp\/v2\/comments?post=4985"}],"wp:featuredmedia":[{"embeddable":true,"href":"https:\/\/kapini.dk\/de\/wp-json\/wp\/v2\/media\/4989"}],"wp:attachment":[{"href":"https:\/\/kapini.dk\/de\/wp-json\/wp\/v2\/media?parent=4985"}],"wp:term":[{"taxonomy":"product_brand","embeddable":true,"href":"https:\/\/kapini.dk\/de\/wp-json\/wp\/v2\/product_brand?post=4985"},{"taxonomy":"product_cat","embeddable":true,"href":"https:\/\/kapini.dk\/de\/wp-json\/wp\/v2\/product_cat?post=4985"},{"taxonomy":"product_tag","embeddable":true,"href":"https:\/\/kapini.dk\/de\/wp-json\/wp\/v2\/product_tag?post=4985"}],"curies":[{"name":"wp","href":"https:\/\/api.w.org\/{rel}","templated":true}]}}