{"id":4979,"date":"2022-09-29T22:35:55","date_gmt":"2022-09-29T21:35:55","guid":{"rendered":"https:\/\/kapini.dk\/?post_type=product&#038;p=4979"},"modified":"2022-09-29T22:39:19","modified_gmt":"2022-09-29T21:39:19","slug":"carola-ring","status":"publish","type":"product","link":"https:\/\/kapini.dk\/de\/fingerringe\/carola-ring\/","title":{"rendered":"Carola-Ring"},"content":{"rendered":"<!--themify_builder_content-->\n<div id=\"themify_builder_content-4979\" data-postid=\"4979\" class=\"themify_builder_content themify_builder_content-4979 themify_builder tf_clear\">\n    <\/div>\n<!--\/themify_builder_content-->\n","protected":false},"excerpt":{"rendered":"<p>Eleganter und stilvoller Fingerring mit zeitlosem und sch\u00f6nem Ausdruck; der Ring erscheint in vergoldetem (24ct.), leicht geb\u00fcrstetem Sterlingsilber.<\/p>\n<p><span style=\"text-decoration: underline;\">Stein:<\/span> Goldrutilquarz oder Aquachalcedon<\/p>\n<p><span style=\"text-decoration: underline;\">H\u00f6he:<\/span> 18 mm<br \/>\n<span style=\"text-decoration: underline;\">Breite:<\/span> 21 mm<br \/>\n<span style=\"text-decoration: underline;\">Tiefe:<\/span> 26 mm<\/p>\n<p>(Ma\u00dfe variieren je nach Ringgr\u00f6\u00dfe)<\/p>\n","protected":false},"featured_media":4983,"comment_status":"open","ping_status":"closed","template":"","meta":[],"product_brand":[],"product_cat":[168,102],"product_tag":[],"class_list":{"0":"post-4979","1":"product","2":"type-product","3":"status-publish","4":"has-post-thumbnail","6":"product_cat-fingerringe","7":"product_cat-yellow-leaves","8":"pa_farve-gruen","9":"pa_metal-gold-de","10":"pa_sten-aqua-calcedon","11":"pa_sten-rutil","12":"has-post-title","13":"has-post-date","14":"has-post-category","15":"has-post-tag","16":"has-post-comment","17":"has-post-author","18":"","20":"first","21":"outofstock","22":"taxable","23":"shipping-taxable","24":"purchasable","25":"product-type-simple"},"builder_content":"","_links":{"self":[{"href":"https:\/\/kapini.dk\/de\/wp-json\/wp\/v2\/product\/4979","targetHints":{"allow":["GET"]}}],"collection":[{"href":"https:\/\/kapini.dk\/de\/wp-json\/wp\/v2\/product"}],"about":[{"href":"https:\/\/kapini.dk\/de\/wp-json\/wp\/v2\/types\/product"}],"replies":[{"embeddable":true,"href":"https:\/\/kapini.dk\/de\/wp-json\/wp\/v2\/comments?post=4979"}],"wp:featuredmedia":[{"embeddable":true,"href":"https:\/\/kapini.dk\/de\/wp-json\/wp\/v2\/media\/4983"}],"wp:attachment":[{"href":"https:\/\/kapini.dk\/de\/wp-json\/wp\/v2\/media?parent=4979"}],"wp:term":[{"taxonomy":"product_brand","embeddable":true,"href":"https:\/\/kapini.dk\/de\/wp-json\/wp\/v2\/product_brand?post=4979"},{"taxonomy":"product_cat","embeddable":true,"href":"https:\/\/kapini.dk\/de\/wp-json\/wp\/v2\/product_cat?post=4979"},{"taxonomy":"product_tag","embeddable":true,"href":"https:\/\/kapini.dk\/de\/wp-json\/wp\/v2\/product_tag?post=4979"}],"curies":[{"name":"wp","href":"https:\/\/api.w.org\/{rel}","templated":true}]}}