{"id":4958,"date":"2022-09-29T22:23:44","date_gmt":"2022-09-29T21:23:44","guid":{"rendered":"https:\/\/kapini.dk\/?post_type=product&#038;p=4958"},"modified":"2022-09-29T22:26:32","modified_gmt":"2022-09-29T21:26:32","slug":"kadenz-ring","status":"publish","type":"product","link":"https:\/\/kapini.dk\/de\/fingerringe\/kadenz-ring\/","title":{"rendered":"Kadenzring"},"content":{"rendered":"<!--themify_builder_content-->\n<div id=\"themify_builder_content-4958\" data-postid=\"4958\" class=\"themify_builder_content themify_builder_content-4958 themify_builder tf_clear\">\n    <\/div>\n<!--\/themify_builder_content-->\n","protected":false},"excerpt":{"rendered":"<p>Gro\u00dfer, stilvoller und sehr sch\u00f6ner Fingerring; der Ring ist mit verschiedenen Steinen besetzt und erscheint in leicht geb\u00fcrstetem Sterlingsilber.<\/p>\n<p><span style=\"text-decoration: underline;\">Stein:<\/span> Amethyst oder Labradorit<\/p>\n<p><span style=\"text-decoration: underline;\">H\u00f6he:<\/span> 17 mm<br \/>\n<span style=\"text-decoration: underline;\">Breite:<\/span> 22 mm<br \/>\n<span style=\"text-decoration: underline;\">Tiefe:<\/span> 28 mm<\/p>\n<p>(Ma\u00dfe variieren je nach Ringgr\u00f6\u00dfe)<\/p>\n","protected":false},"featured_media":4962,"comment_status":"open","ping_status":"closed","template":"","meta":[],"product_brand":[],"product_cat":[168,102],"product_tag":[],"class_list":{"0":"post-4958","1":"product","2":"type-product","3":"status-publish","4":"has-post-thumbnail","6":"product_cat-fingerringe","7":"product_cat-yellow-leaves","8":"pa_farve-gruen","9":"pa_farve-kleine","10":"pa_metal-silber","11":"pa_sten-amethyst","12":"pa_sten-labradorit","13":"has-post-title","14":"has-post-date","15":"has-post-category","16":"has-post-tag","17":"has-post-comment","18":"has-post-author","19":"","21":"first","22":"outofstock","23":"taxable","24":"shipping-taxable","25":"purchasable","26":"product-type-simple"},"builder_content":"","_links":{"self":[{"href":"https:\/\/kapini.dk\/de\/wp-json\/wp\/v2\/product\/4958","targetHints":{"allow":["GET"]}}],"collection":[{"href":"https:\/\/kapini.dk\/de\/wp-json\/wp\/v2\/product"}],"about":[{"href":"https:\/\/kapini.dk\/de\/wp-json\/wp\/v2\/types\/product"}],"replies":[{"embeddable":true,"href":"https:\/\/kapini.dk\/de\/wp-json\/wp\/v2\/comments?post=4958"}],"wp:featuredmedia":[{"embeddable":true,"href":"https:\/\/kapini.dk\/de\/wp-json\/wp\/v2\/media\/4962"}],"wp:attachment":[{"href":"https:\/\/kapini.dk\/de\/wp-json\/wp\/v2\/media?parent=4958"}],"wp:term":[{"taxonomy":"product_brand","embeddable":true,"href":"https:\/\/kapini.dk\/de\/wp-json\/wp\/v2\/product_brand?post=4958"},{"taxonomy":"product_cat","embeddable":true,"href":"https:\/\/kapini.dk\/de\/wp-json\/wp\/v2\/product_cat?post=4958"},{"taxonomy":"product_tag","embeddable":true,"href":"https:\/\/kapini.dk\/de\/wp-json\/wp\/v2\/product_tag?post=4958"}],"curies":[{"name":"wp","href":"https:\/\/api.w.org\/{rel}","templated":true}]}}