{"id":4949,"date":"2022-09-29T22:21:14","date_gmt":"2022-09-29T21:21:14","guid":{"rendered":"https:\/\/kapini.dk\/?post_type=product&#038;p=4949"},"modified":"2022-09-29T22:23:32","modified_gmt":"2022-09-29T21:23:32","slug":"bina-ring","status":"publish","type":"product","link":"https:\/\/kapini.dk\/de\/fingerringe\/bina-ring\/","title":{"rendered":"Bina-Ring"},"content":{"rendered":"<!--themify_builder_content-->\n<div id=\"themify_builder_content-4949\" data-postid=\"4949\" class=\"themify_builder_content themify_builder_content-4949 themify_builder tf_clear\">\n    <\/div>\n<!--\/themify_builder_content-->\n","protected":false},"excerpt":{"rendered":"<p>Sch\u00f6ner, ausdrucksstarker und etwas anderer Fingerring; der Ring ist aus rhodiniertem und leicht geb\u00fcrstetem Sterlingsilber gefertigt.<\/p>\n<p><span style=\"text-decoration: underline;\">Stein:<\/span> Mondstein<\/p>\n<p><span style=\"text-decoration: underline;\">H\u00f6he:<\/span> 16 mm<br \/>\n<span style=\"text-decoration: underline;\">Breite:<\/span> 20 mm<br \/>\n<span style=\"text-decoration: underline;\">Tiefe:<\/span> 24 mm<\/p>\n<p>(Ma\u00dfe variieren je nach Ringgr\u00f6\u00dfe)<\/p>\n","protected":false},"featured_media":4953,"comment_status":"open","ping_status":"closed","template":"","meta":[],"product_brand":[],"product_cat":[168,102],"product_tag":[],"class_list":{"0":"post-4949","1":"product","2":"type-product","3":"status-publish","4":"has-post-thumbnail","6":"product_cat-fingerringe","7":"product_cat-yellow-leaves","8":"pa_farve-schwarz","9":"pa_metal-rhodium-de","10":"pa_sten-mondsteine","11":"has-post-title","12":"has-post-date","13":"has-post-category","14":"has-post-tag","15":"has-post-comment","16":"has-post-author","17":"","19":"first","20":"outofstock","21":"taxable","22":"shipping-taxable","23":"purchasable","24":"product-type-simple"},"builder_content":"","_links":{"self":[{"href":"https:\/\/kapini.dk\/de\/wp-json\/wp\/v2\/product\/4949","targetHints":{"allow":["GET"]}}],"collection":[{"href":"https:\/\/kapini.dk\/de\/wp-json\/wp\/v2\/product"}],"about":[{"href":"https:\/\/kapini.dk\/de\/wp-json\/wp\/v2\/types\/product"}],"replies":[{"embeddable":true,"href":"https:\/\/kapini.dk\/de\/wp-json\/wp\/v2\/comments?post=4949"}],"wp:featuredmedia":[{"embeddable":true,"href":"https:\/\/kapini.dk\/de\/wp-json\/wp\/v2\/media\/4953"}],"wp:attachment":[{"href":"https:\/\/kapini.dk\/de\/wp-json\/wp\/v2\/media?parent=4949"}],"wp:term":[{"taxonomy":"product_brand","embeddable":true,"href":"https:\/\/kapini.dk\/de\/wp-json\/wp\/v2\/product_brand?post=4949"},{"taxonomy":"product_cat","embeddable":true,"href":"https:\/\/kapini.dk\/de\/wp-json\/wp\/v2\/product_cat?post=4949"},{"taxonomy":"product_tag","embeddable":true,"href":"https:\/\/kapini.dk\/de\/wp-json\/wp\/v2\/product_tag?post=4949"}],"curies":[{"name":"wp","href":"https:\/\/api.w.org\/{rel}","templated":true}]}}