{"id":4907,"date":"2022-09-29T21:58:59","date_gmt":"2022-09-29T20:58:59","guid":{"rendered":"https:\/\/kapini.dk\/?post_type=product&#038;p=4907"},"modified":"2022-09-29T22:02:44","modified_gmt":"2022-09-29T21:02:44","slug":"alonza-ring","status":"publish","type":"product","link":"https:\/\/kapini.dk\/de\/fingerringe\/alonza-ring\/","title":{"rendered":"Alonza-Ring"},"content":{"rendered":"<!--themify_builder_content-->\n<div id=\"themify_builder_content-4907\" data-postid=\"4907\" class=\"themify_builder_content themify_builder_content-4907 themify_builder tf_clear\">\n    <\/div>\n<!--\/themify_builder_content-->\n","protected":false},"excerpt":{"rendered":"<p>Toller Fingerring mit leichtem und einfachem Aussehen. Der Ring ist aus leicht geb\u00fcrstetem Sterlingsilber gefertigt.<\/p>\n<p><span style=\"text-decoration: underline;\">Stein:<\/span> Aquamarin oder Labradorit<\/p>\n<p><span style=\"text-decoration: underline;\">H\u00f6he:<\/span> 8 mm<br \/>\n<span style=\"text-decoration: underline;\">Breite:<\/span> 21 mm<br \/>\n<span style=\"text-decoration: underline;\">Tiefe:<\/span> 23 mm<br \/>\n(Ma\u00dfe variieren je nach Ringgr\u00f6\u00dfe)<\/p>\n","protected":false},"featured_media":4911,"comment_status":"open","ping_status":"closed","template":"","meta":[],"product_brand":[],"product_cat":[168,102],"product_tag":[],"class_list":{"0":"post-4907","1":"product","2":"type-product","3":"status-publish","4":"has-post-thumbnail","6":"product_cat-fingerringe","7":"product_cat-yellow-leaves","8":"pa_farve-blau","9":"pa_farve-braun","10":"pa_metal-silber","11":"pa_sten-aquamarin","12":"pa_sten-labradorit","13":"has-post-title","14":"has-post-date","15":"has-post-category","16":"has-post-tag","17":"has-post-comment","18":"has-post-author","19":"","21":"first","22":"outofstock","23":"taxable","24":"shipping-taxable","25":"purchasable","26":"product-type-simple"},"builder_content":"","_links":{"self":[{"href":"https:\/\/kapini.dk\/de\/wp-json\/wp\/v2\/product\/4907","targetHints":{"allow":["GET"]}}],"collection":[{"href":"https:\/\/kapini.dk\/de\/wp-json\/wp\/v2\/product"}],"about":[{"href":"https:\/\/kapini.dk\/de\/wp-json\/wp\/v2\/types\/product"}],"replies":[{"embeddable":true,"href":"https:\/\/kapini.dk\/de\/wp-json\/wp\/v2\/comments?post=4907"}],"wp:featuredmedia":[{"embeddable":true,"href":"https:\/\/kapini.dk\/de\/wp-json\/wp\/v2\/media\/4911"}],"wp:attachment":[{"href":"https:\/\/kapini.dk\/de\/wp-json\/wp\/v2\/media?parent=4907"}],"wp:term":[{"taxonomy":"product_brand","embeddable":true,"href":"https:\/\/kapini.dk\/de\/wp-json\/wp\/v2\/product_brand?post=4907"},{"taxonomy":"product_cat","embeddable":true,"href":"https:\/\/kapini.dk\/de\/wp-json\/wp\/v2\/product_cat?post=4907"},{"taxonomy":"product_tag","embeddable":true,"href":"https:\/\/kapini.dk\/de\/wp-json\/wp\/v2\/product_tag?post=4907"}],"curies":[{"name":"wp","href":"https:\/\/api.w.org\/{rel}","templated":true}]}}