{"id":4875,"date":"2022-09-29T21:06:15","date_gmt":"2022-09-29T20:06:15","guid":{"rendered":"https:\/\/kapini.dk\/?post_type=product&#038;p=4875"},"modified":"2023-08-30T09:23:24","modified_gmt":"2023-08-30T08:23:24","slug":"aldina-ohrringe","status":"publish","type":"product","link":"https:\/\/kapini.dk\/de\/yellow-leaves\/aldina-ohrringe\/","title":{"rendered":"Aldina-Ohrringe"},"content":{"rendered":"<!--themify_builder_content-->\n<div id=\"themify_builder_content-4875\" data-postid=\"4875\" class=\"themify_builder_content themify_builder_content-4875 themify_builder tf_clear\">\n    <\/div>\n<!--\/themify_builder_content-->\n","protected":false},"excerpt":{"rendered":"<p>Gro\u00dfer und gut sichtbarer Ohrring mit charmantem Aussehen; der Ohrring ist aus leicht geb\u00fcrstetem und vergoldetem (24ct.) Sterlingsilber gefertigt.<\/p>\n<p><span style=\"text-decoration: underline;\">Stein:<\/span> Chrysopras oder Aqua-Calcedon<\/p>\n<p><span style=\"text-decoration: underline;\">H\u00f6he, einschlie\u00dflich Ohrb\u00fcgel:<\/span> 35 mm<br \/>\n<span style=\"text-decoration: underline;\">Breite:<\/span> 15 mm<br \/>\n<span style=\"text-decoration: underline;\">Tiefe, ohne Ohrb\u00fcgel:<\/span> 10 mm<\/p>\n","protected":false},"featured_media":4883,"comment_status":"open","ping_status":"closed","template":"","meta":[],"product_brand":[],"product_cat":[81,102],"product_tag":[],"class_list":{"0":"post-4875","1":"product","2":"type-product","3":"status-publish","4":"has-post-thumbnail","6":"product_cat-ohrringe","7":"product_cat-yellow-leaves","8":"pa_farve-gruen","9":"pa_metal-gold-de","10":"pa_sten-aqua-calcedon","11":"pa_sten-krysopras","12":"has-post-title","13":"has-post-date","14":"has-post-category","15":"has-post-tag","16":"has-post-comment","17":"has-post-author","18":"","20":"first","21":"instock","22":"taxable","23":"shipping-taxable","24":"purchasable","25":"product-type-variable"},"builder_content":"","_links":{"self":[{"href":"https:\/\/kapini.dk\/de\/wp-json\/wp\/v2\/product\/4875","targetHints":{"allow":["GET"]}}],"collection":[{"href":"https:\/\/kapini.dk\/de\/wp-json\/wp\/v2\/product"}],"about":[{"href":"https:\/\/kapini.dk\/de\/wp-json\/wp\/v2\/types\/product"}],"replies":[{"embeddable":true,"href":"https:\/\/kapini.dk\/de\/wp-json\/wp\/v2\/comments?post=4875"}],"wp:featuredmedia":[{"embeddable":true,"href":"https:\/\/kapini.dk\/de\/wp-json\/wp\/v2\/media\/4883"}],"wp:attachment":[{"href":"https:\/\/kapini.dk\/de\/wp-json\/wp\/v2\/media?parent=4875"}],"wp:term":[{"taxonomy":"product_brand","embeddable":true,"href":"https:\/\/kapini.dk\/de\/wp-json\/wp\/v2\/product_brand?post=4875"},{"taxonomy":"product_cat","embeddable":true,"href":"https:\/\/kapini.dk\/de\/wp-json\/wp\/v2\/product_cat?post=4875"},{"taxonomy":"product_tag","embeddable":true,"href":"https:\/\/kapini.dk\/de\/wp-json\/wp\/v2\/product_tag?post=4875"}],"curies":[{"name":"wp","href":"https:\/\/api.w.org\/{rel}","templated":true}]}}