{"id":4845,"date":"2022-09-29T20:18:56","date_gmt":"2022-09-29T19:18:56","guid":{"rendered":"https:\/\/kapini.dk\/?post_type=product&#038;p=4845"},"modified":"2023-08-30T09:27:06","modified_gmt":"2023-08-30T08:27:06","slug":"siena-ohrringe","status":"publish","type":"product","link":"https:\/\/kapini.dk\/de\/yellow-leaves\/siena-ohrringe\/","title":{"rendered":"Sienna-Ohrringe"},"content":{"rendered":"<!--themify_builder_content-->\n<div id=\"themify_builder_content-4845\" data-postid=\"4845\" class=\"themify_builder_content themify_builder_content-4845 themify_builder tf_clear\">\n    <\/div>\n<!--\/themify_builder_content-->\n","protected":false},"excerpt":{"rendered":"<p>Abwechslungsreicher und aufregender Ohrring aus leicht geb\u00fcrstetem und rhodiniertem Sterlingsilber.<\/p>\n<p><span style=\"text-decoration: underline;\">Stein:<\/span> schwarzer Onyx<\/p>\n<p><span style=\"text-decoration: underline;\">H\u00f6he, einschlie\u00dflich Ohrb\u00fcgel:<\/span> 30 mm<br \/>\n<span style=\"text-decoration: underline;\">Breite:<\/span> 12 mm<br \/>\n<span style=\"text-decoration: underline;\">Tiefe, ohne Ohrb\u00fcgel:<\/span> 8 mm<\/p>\n","protected":false},"featured_media":4849,"comment_status":"open","ping_status":"closed","template":"","meta":[],"product_brand":[],"product_cat":[81,102],"product_tag":[],"class_list":{"0":"post-4845","1":"product","2":"type-product","3":"status-publish","4":"has-post-thumbnail","6":"product_cat-ohrringe","7":"product_cat-yellow-leaves","8":"pa_farve-schwarz","9":"pa_metal-rhodium-de","10":"pa_metal-silber","11":"pa_sten-onyx","12":"has-post-title","13":"has-post-date","14":"has-post-category","15":"has-post-tag","16":"has-post-comment","17":"has-post-author","18":"","20":"first","21":"instock","22":"taxable","23":"shipping-taxable","24":"purchasable","25":"product-type-simple"},"builder_content":"","_links":{"self":[{"href":"https:\/\/kapini.dk\/de\/wp-json\/wp\/v2\/product\/4845","targetHints":{"allow":["GET"]}}],"collection":[{"href":"https:\/\/kapini.dk\/de\/wp-json\/wp\/v2\/product"}],"about":[{"href":"https:\/\/kapini.dk\/de\/wp-json\/wp\/v2\/types\/product"}],"replies":[{"embeddable":true,"href":"https:\/\/kapini.dk\/de\/wp-json\/wp\/v2\/comments?post=4845"}],"wp:featuredmedia":[{"embeddable":true,"href":"https:\/\/kapini.dk\/de\/wp-json\/wp\/v2\/media\/4849"}],"wp:attachment":[{"href":"https:\/\/kapini.dk\/de\/wp-json\/wp\/v2\/media?parent=4845"}],"wp:term":[{"taxonomy":"product_brand","embeddable":true,"href":"https:\/\/kapini.dk\/de\/wp-json\/wp\/v2\/product_brand?post=4845"},{"taxonomy":"product_cat","embeddable":true,"href":"https:\/\/kapini.dk\/de\/wp-json\/wp\/v2\/product_cat?post=4845"},{"taxonomy":"product_tag","embeddable":true,"href":"https:\/\/kapini.dk\/de\/wp-json\/wp\/v2\/product_tag?post=4845"}],"curies":[{"name":"wp","href":"https:\/\/api.w.org\/{rel}","templated":true}]}}