{"id":4815,"date":"2022-09-29T20:06:56","date_gmt":"2022-09-29T19:06:56","guid":{"rendered":"https:\/\/kapini.dk\/?post_type=product&#038;p=4815"},"modified":"2022-09-29T20:12:11","modified_gmt":"2022-09-29T19:12:11","slug":"lucia-ohrringe","status":"publish","type":"product","link":"https:\/\/kapini.dk\/de\/yellow-leaves\/lucia-ohrringe\/","title":{"rendered":"Lucia-Ohrringe"},"content":{"rendered":"<!--themify_builder_content-->\n<div id=\"themify_builder_content-4815\" data-postid=\"4815\" class=\"themify_builder_content themify_builder_content-4815 themify_builder tf_clear\">\n    <\/div>\n<!--\/themify_builder_content-->\n","protected":false},"excerpt":{"rendered":"<p>Sch\u00f6ner Ohrring aus leicht geb\u00fcrstetem Sterlingsilber &#8211; w\u00e4hlen Sie zwischen verschiedenen Steinvarianten.<\/p>\n<p><span style=\"text-decoration: underline;\">Stein:<\/span> Druzy-Quarz oder Aqua-Chalcedon<\/p>\n<p><span style=\"text-decoration: underline;\">H\u00f6he, einschlie\u00dflich Ohrb\u00fcgel:<\/span> 30 mm<br \/>\n<span style=\"text-decoration: underline;\">Breite:<\/span> 12 mm<br \/>\n<span style=\"text-decoration: underline;\">Tiefe, ohne Ohrb\u00fcgel:<\/span> 8 mm<\/p>\n","protected":false},"featured_media":4823,"comment_status":"open","ping_status":"closed","template":"","meta":[],"product_brand":[],"product_cat":[81,102],"product_tag":[],"class_list":{"0":"post-4815","1":"product","2":"type-product","3":"status-publish","4":"has-post-thumbnail","6":"product_cat-ohrringe","7":"product_cat-yellow-leaves","8":"pa_farve-gruen","9":"pa_farve-tuerken","10":"pa_metal-silber","11":"pa_sten-aqua-calcedon","12":"pa_sten-drusus-quarz","13":"has-post-title","14":"has-post-date","15":"has-post-category","16":"has-post-tag","17":"has-post-comment","18":"has-post-author","19":"","21":"first","22":"instock","23":"taxable","24":"shipping-taxable","25":"purchasable","26":"product-type-variable"},"builder_content":"","_links":{"self":[{"href":"https:\/\/kapini.dk\/de\/wp-json\/wp\/v2\/product\/4815","targetHints":{"allow":["GET"]}}],"collection":[{"href":"https:\/\/kapini.dk\/de\/wp-json\/wp\/v2\/product"}],"about":[{"href":"https:\/\/kapini.dk\/de\/wp-json\/wp\/v2\/types\/product"}],"replies":[{"embeddable":true,"href":"https:\/\/kapini.dk\/de\/wp-json\/wp\/v2\/comments?post=4815"}],"wp:featuredmedia":[{"embeddable":true,"href":"https:\/\/kapini.dk\/de\/wp-json\/wp\/v2\/media\/4823"}],"wp:attachment":[{"href":"https:\/\/kapini.dk\/de\/wp-json\/wp\/v2\/media?parent=4815"}],"wp:term":[{"taxonomy":"product_brand","embeddable":true,"href":"https:\/\/kapini.dk\/de\/wp-json\/wp\/v2\/product_brand?post=4815"},{"taxonomy":"product_cat","embeddable":true,"href":"https:\/\/kapini.dk\/de\/wp-json\/wp\/v2\/product_cat?post=4815"},{"taxonomy":"product_tag","embeddable":true,"href":"https:\/\/kapini.dk\/de\/wp-json\/wp\/v2\/product_tag?post=4815"}],"curies":[{"name":"wp","href":"https:\/\/api.w.org\/{rel}","templated":true}]}}