{"id":4763,"date":"2022-09-29T18:44:27","date_gmt":"2022-09-29T17:44:27","guid":{"rendered":"https:\/\/kapini.dk\/?post_type=product&#038;p=4763"},"modified":"2022-09-29T19:10:55","modified_gmt":"2022-09-29T18:10:55","slug":"gianna-ohrringe","status":"publish","type":"product","link":"https:\/\/kapini.dk\/de\/yellow-leaves\/gianna-ohrringe\/","title":{"rendered":"Gianna-Ohrringe"},"content":{"rendered":"<!--themify_builder_content-->\n<div id=\"themify_builder_content-4763\" data-postid=\"4763\" class=\"themify_builder_content themify_builder_content-4763 themify_builder tf_clear\">\n    <\/div>\n<!--\/themify_builder_content-->\n","protected":false},"excerpt":{"rendered":"<p>Eleganter Ohrring aus leicht geb\u00fcrstetem Sterlingsilber mit eingelassenen Steinen.<\/p>\n<p><span style=\"text-decoration: underline;\">Stein:<\/span> Londoner Blautopas<\/p>\n<p><span style=\"text-decoration: underline;\">H\u00f6he, einschlie\u00dflich Ohrb\u00fcgel\/Ohrst\u00f6psel:<\/span> 9 mm<br \/>\n<span style=\"text-decoration: underline;\">Breite:<\/span> 7 mm<br \/>\n<span style=\"text-decoration: underline;\">Tiefe, ohne Ohrb\u00fcgel\/Ohrst\u00f6psel:<\/span> 7 mm<\/p>\n","protected":false},"featured_media":4767,"comment_status":"open","ping_status":"closed","template":"","meta":[],"product_brand":[],"product_cat":[81,102],"product_tag":[],"class_list":{"0":"post-4763","1":"product","2":"type-product","3":"status-publish","4":"has-post-thumbnail","6":"product_cat-ohrringe","7":"product_cat-yellow-leaves","8":"pa_farve-blau","9":"pa_metal-silber","10":"pa_sten-londoner-blautopas","11":"has-post-title","12":"has-post-date","13":"has-post-category","14":"has-post-tag","15":"has-post-comment","16":"has-post-author","17":"","19":"first","20":"instock","21":"taxable","22":"shipping-taxable","23":"purchasable","24":"product-type-simple"},"builder_content":"","_links":{"self":[{"href":"https:\/\/kapini.dk\/de\/wp-json\/wp\/v2\/product\/4763","targetHints":{"allow":["GET"]}}],"collection":[{"href":"https:\/\/kapini.dk\/de\/wp-json\/wp\/v2\/product"}],"about":[{"href":"https:\/\/kapini.dk\/de\/wp-json\/wp\/v2\/types\/product"}],"replies":[{"embeddable":true,"href":"https:\/\/kapini.dk\/de\/wp-json\/wp\/v2\/comments?post=4763"}],"wp:featuredmedia":[{"embeddable":true,"href":"https:\/\/kapini.dk\/de\/wp-json\/wp\/v2\/media\/4767"}],"wp:attachment":[{"href":"https:\/\/kapini.dk\/de\/wp-json\/wp\/v2\/media?parent=4763"}],"wp:term":[{"taxonomy":"product_brand","embeddable":true,"href":"https:\/\/kapini.dk\/de\/wp-json\/wp\/v2\/product_brand?post=4763"},{"taxonomy":"product_cat","embeddable":true,"href":"https:\/\/kapini.dk\/de\/wp-json\/wp\/v2\/product_cat?post=4763"},{"taxonomy":"product_tag","embeddable":true,"href":"https:\/\/kapini.dk\/de\/wp-json\/wp\/v2\/product_tag?post=4763"}],"curies":[{"name":"wp","href":"https:\/\/api.w.org\/{rel}","templated":true}]}}