{"id":4742,"date":"2022-09-29T18:37:25","date_gmt":"2022-09-29T17:37:25","guid":{"rendered":"https:\/\/kapini.dk\/?post_type=product&#038;p=4742"},"modified":"2023-12-18T21:41:45","modified_gmt":"2023-12-18T20:41:45","slug":"gemma-ohrringe","status":"publish","type":"product","link":"https:\/\/kapini.dk\/de\/yellow-leaves\/gemma-ohrringe\/","title":{"rendered":"Gemma-Ohrringe"},"content":{"rendered":"<!--themify_builder_content-->\n<div id=\"themify_builder_content-4742\" data-postid=\"4742\" class=\"themify_builder_content themify_builder_content-4742 themify_builder tf_clear\">\n    <\/div>\n<!--\/themify_builder_content-->\n","protected":false},"excerpt":{"rendered":"<p>Sirlig und zeitloser Ohrring \/ Ohrh\u00e4nger aus leicht geb\u00fcrstetem und vergoldetem (24 krt.) Sterlingsilber &#8211; w\u00e4hlen Sie zwischen mehreren Farbvarianten des Turmalins.<\/p>\n<p><span style=\"text-decoration: underline;\">Steine:<\/span> rosa, orange, hellgr\u00fcn und dunkelgr\u00fcner Turmalin<\/p>\n<p><span style=\"text-decoration: underline;\">H\u00f6he, einschlie\u00dflich Ohrb\u00fcgel\/Ohrst\u00f6psel:<\/span> 9 mm<br \/>\n<span style=\"text-decoration: underline;\">Breite:<\/span> 7 mm<br \/>\n<span style=\"text-decoration: underline;\">Tiefe, ohne Ohrb\u00fcgel\/Ohrst\u00f6psel:<\/span> 7 mm<\/p>\n","protected":false},"featured_media":4750,"comment_status":"open","ping_status":"closed","template":"","meta":[],"product_brand":[],"product_cat":[81,102],"product_tag":[],"class_list":{"0":"post-4742","1":"product","2":"type-product","3":"status-publish","4":"has-post-thumbnail","6":"product_cat-ohrringe","7":"product_cat-yellow-leaves","8":"pa_farve-gruen","9":"pa_farve-orange-de","10":"pa_farve-rosa","11":"pa_metal-gold-de","12":"pa_sten-turmalin","13":"has-post-title","14":"has-post-date","15":"has-post-category","16":"has-post-tag","17":"has-post-comment","18":"has-post-author","19":"","21":"first","22":"instock","23":"taxable","24":"shipping-taxable","25":"purchasable","26":"product-type-variable"},"builder_content":"","_links":{"self":[{"href":"https:\/\/kapini.dk\/de\/wp-json\/wp\/v2\/product\/4742","targetHints":{"allow":["GET"]}}],"collection":[{"href":"https:\/\/kapini.dk\/de\/wp-json\/wp\/v2\/product"}],"about":[{"href":"https:\/\/kapini.dk\/de\/wp-json\/wp\/v2\/types\/product"}],"replies":[{"embeddable":true,"href":"https:\/\/kapini.dk\/de\/wp-json\/wp\/v2\/comments?post=4742"}],"wp:featuredmedia":[{"embeddable":true,"href":"https:\/\/kapini.dk\/de\/wp-json\/wp\/v2\/media\/4750"}],"wp:attachment":[{"href":"https:\/\/kapini.dk\/de\/wp-json\/wp\/v2\/media?parent=4742"}],"wp:term":[{"taxonomy":"product_brand","embeddable":true,"href":"https:\/\/kapini.dk\/de\/wp-json\/wp\/v2\/product_brand?post=4742"},{"taxonomy":"product_cat","embeddable":true,"href":"https:\/\/kapini.dk\/de\/wp-json\/wp\/v2\/product_cat?post=4742"},{"taxonomy":"product_tag","embeddable":true,"href":"https:\/\/kapini.dk\/de\/wp-json\/wp\/v2\/product_tag?post=4742"}],"curies":[{"name":"wp","href":"https:\/\/api.w.org\/{rel}","templated":true}]}}