{"id":4724,"date":"2022-09-29T18:33:03","date_gmt":"2022-09-29T17:33:03","guid":{"rendered":"https:\/\/kapini.dk\/?post_type=product&#038;p=4724"},"modified":"2022-09-29T18:37:21","modified_gmt":"2022-09-29T17:37:21","slug":"gabriela-earring","status":"publish","type":"product","link":"https:\/\/kapini.dk\/de\/yellow-leaves\/gabriela-earring\/","title":{"rendered":"Gabriela-Ohrringe"},"content":{"rendered":"<!--themify_builder_content-->\n<div id=\"themify_builder_content-4724\" data-postid=\"4724\" class=\"themify_builder_content themify_builder_content-4724 themify_builder tf_clear\">\n    <\/div>\n<!--\/themify_builder_content-->\n","protected":false},"excerpt":{"rendered":"<p>Sch\u00f6ner Ohrring \/ Ohrh\u00e4nger in einem einfachen und sch\u00f6nen Design. W\u00e4hlen Sie aus mehreren Metall- und Steinvarianten; dieser Ohrring erscheint sowohl in reinem geb\u00fcrstetem als auch in vergoldetem (24ct.) Sterlingsilber.<\/p>\n<p><span style=\"text-decoration: underline;\">Stein:<\/span> Mondstein und aquamarinfarbener Chalzedon<\/p>\n<p><span style=\"text-decoration: underline;\">H\u00f6he, einschlie\u00dflich Ohrb\u00fcgel\/Ohrst\u00f6psel:<\/span> 9 mm<br \/>\n<span style=\"text-decoration: underline;\">Breite:<\/span> 9mm<br \/>\n<span style=\"text-decoration: underline;\">Tiefe, ohne Ohrb\u00fcgel\/Ohrst\u00f6psel:<\/span> 8 mm<\/p>\n","protected":false},"featured_media":4734,"comment_status":"open","ping_status":"closed","template":"","meta":[],"product_brand":[],"product_cat":[81,102],"product_tag":[],"class_list":{"0":"post-4724","1":"product","2":"type-product","3":"status-publish","4":"has-post-thumbnail","6":"product_cat-ohrringe","7":"product_cat-yellow-leaves","8":"pa_farve-gruen","9":"pa_metal-gold-de","10":"pa_metal-silber","11":"pa_sten-aqua-calcedon","12":"pa_sten-mondsteine","13":"has-post-title","14":"has-post-date","15":"has-post-category","16":"has-post-tag","17":"has-post-comment","18":"has-post-author","19":"","21":"first","22":"instock","23":"taxable","24":"shipping-taxable","25":"purchasable","26":"product-type-variable"},"builder_content":"","_links":{"self":[{"href":"https:\/\/kapini.dk\/de\/wp-json\/wp\/v2\/product\/4724","targetHints":{"allow":["GET"]}}],"collection":[{"href":"https:\/\/kapini.dk\/de\/wp-json\/wp\/v2\/product"}],"about":[{"href":"https:\/\/kapini.dk\/de\/wp-json\/wp\/v2\/types\/product"}],"replies":[{"embeddable":true,"href":"https:\/\/kapini.dk\/de\/wp-json\/wp\/v2\/comments?post=4724"}],"wp:featuredmedia":[{"embeddable":true,"href":"https:\/\/kapini.dk\/de\/wp-json\/wp\/v2\/media\/4734"}],"wp:attachment":[{"href":"https:\/\/kapini.dk\/de\/wp-json\/wp\/v2\/media?parent=4724"}],"wp:term":[{"taxonomy":"product_brand","embeddable":true,"href":"https:\/\/kapini.dk\/de\/wp-json\/wp\/v2\/product_brand?post=4724"},{"taxonomy":"product_cat","embeddable":true,"href":"https:\/\/kapini.dk\/de\/wp-json\/wp\/v2\/product_cat?post=4724"},{"taxonomy":"product_tag","embeddable":true,"href":"https:\/\/kapini.dk\/de\/wp-json\/wp\/v2\/product_tag?post=4724"}],"curies":[{"name":"wp","href":"https:\/\/api.w.org\/{rel}","templated":true}]}}