{"id":4703,"date":"2022-09-29T18:25:07","date_gmt":"2022-09-29T17:25:07","guid":{"rendered":"https:\/\/kapini.dk\/?post_type=product&#038;p=4703"},"modified":"2022-09-29T18:32:25","modified_gmt":"2022-09-29T17:32:25","slug":"francesca-earring","status":"publish","type":"product","link":"https:\/\/kapini.dk\/de\/yellow-leaves\/francesca-earring\/","title":{"rendered":"Francesca-Ohrringe"},"content":{"rendered":"<!--themify_builder_content-->\n<div id=\"themify_builder_content-4703\" data-postid=\"4703\" class=\"themify_builder_content themify_builder_content-4703 themify_builder tf_clear\">\n    <\/div>\n<!--\/themify_builder_content-->\n","protected":false},"excerpt":{"rendered":"<p>Sch\u00f6ner Ohrring \/ Ohrstecker aus rhodiniertem, ros\u00e9vergoldetem (24ct.) oder vergoldetem (24ct.) Sterlingsilber &#8211; w\u00e4hlen Sie zwischen mehreren Metall- und Steinvarianten.<\/p>\n<p><span style=\"text-decoration: underline;\">Stein:<\/span> schwarzer Rutil, Goldrutil oder Rosenquarz<\/p>\n<p><span style=\"text-decoration: underline;\">H\u00f6he, einschlie\u00dflich Ohrb\u00fcgel\/Ohrst\u00f6psel:<\/span> 9 mm<br \/>\n<span style=\"text-decoration: underline;\">Breite:<\/span> 9mm<br \/>\n<span style=\"text-decoration: underline;\">Tiefe, ohne Ohrb\u00fcgel\/Ohrst\u00f6psel:<\/span> 8 mm<\/p>\n","protected":false},"featured_media":4713,"comment_status":"open","ping_status":"closed","template":"","meta":[],"product_brand":[],"product_cat":[81,102],"product_tag":[],"class_list":{"0":"post-4703","1":"product","2":"type-product","3":"status-publish","4":"has-post-thumbnail","6":"product_cat-ohrringe","7":"product_cat-yellow-leaves","8":"pa_farve-gelb","9":"pa_farve-rosa-de","10":"pa_farve-schwarz","11":"pa_metal-gold-de","12":"pa_metal-rhodium-de","13":"pa_metal-rose-gold","14":"pa_sten-rosenquarz","15":"pa_sten-rutil","16":"has-post-title","17":"has-post-date","18":"has-post-category","19":"has-post-tag","20":"has-post-comment","21":"has-post-author","22":"","24":"first","25":"instock","26":"taxable","27":"shipping-taxable","28":"purchasable","29":"product-type-variable"},"builder_content":"","_links":{"self":[{"href":"https:\/\/kapini.dk\/de\/wp-json\/wp\/v2\/product\/4703","targetHints":{"allow":["GET"]}}],"collection":[{"href":"https:\/\/kapini.dk\/de\/wp-json\/wp\/v2\/product"}],"about":[{"href":"https:\/\/kapini.dk\/de\/wp-json\/wp\/v2\/types\/product"}],"replies":[{"embeddable":true,"href":"https:\/\/kapini.dk\/de\/wp-json\/wp\/v2\/comments?post=4703"}],"wp:featuredmedia":[{"embeddable":true,"href":"https:\/\/kapini.dk\/de\/wp-json\/wp\/v2\/media\/4713"}],"wp:attachment":[{"href":"https:\/\/kapini.dk\/de\/wp-json\/wp\/v2\/media?parent=4703"}],"wp:term":[{"taxonomy":"product_brand","embeddable":true,"href":"https:\/\/kapini.dk\/de\/wp-json\/wp\/v2\/product_brand?post=4703"},{"taxonomy":"product_cat","embeddable":true,"href":"https:\/\/kapini.dk\/de\/wp-json\/wp\/v2\/product_cat?post=4703"},{"taxonomy":"product_tag","embeddable":true,"href":"https:\/\/kapini.dk\/de\/wp-json\/wp\/v2\/product_tag?post=4703"}],"curies":[{"name":"wp","href":"https:\/\/api.w.org\/{rel}","templated":true}]}}