{"id":4683,"date":"2022-09-29T18:16:45","date_gmt":"2022-09-29T17:16:45","guid":{"rendered":"https:\/\/kapini.dk\/?post_type=product&#038;p=4683"},"modified":"2022-09-29T18:25:07","modified_gmt":"2022-09-29T17:25:07","slug":"emilia-earrings","status":"publish","type":"product","link":"https:\/\/kapini.dk\/de\/yellow-leaves\/emilia-earrings\/","title":{"rendered":"Emilia-Ohrringe"},"content":{"rendered":"<!--themify_builder_content-->\n<div id=\"themify_builder_content-4683\" data-postid=\"4683\" class=\"themify_builder_content themify_builder_content-4683 themify_builder tf_clear\">\n    <\/div>\n<!--\/themify_builder_content-->\n","protected":false},"excerpt":{"rendered":"<p>Sch\u00f6ner und stilvoller Ohrring \/ Ohrstecker aus reinem oder ros\u00e9-vergoldetem (24ct.) Sterlingsilber mit sch\u00f6nen eingelegten Steinen.<\/p>\n<p><span style=\"text-decoration: underline;\">Edelsteine:<\/span> Aquamarin, Labradorit und Rosenquarz<\/p>\n<p><span style=\"text-decoration: underline;\">H\u00f6he, einschlie\u00dflich Ohrb\u00fcgel\/Ohrst\u00f6psel:<\/span> 7 mm<br \/>\n<span style=\"text-decoration: underline;\">Breite:<\/span> 7 mm<br \/>\n<span style=\"text-decoration: underline;\">Tiefe, ohne Ohrb\u00fcgel\/Ohrst\u00f6psel:<\/span> 6 mm<\/p>\n","protected":false},"featured_media":4691,"comment_status":"open","ping_status":"closed","template":"","meta":[],"product_brand":[],"product_cat":[81,102],"product_tag":[],"class_list":{"0":"post-4683","1":"product","2":"type-product","3":"status-publish","4":"has-post-thumbnail","6":"product_cat-ohrringe","7":"product_cat-yellow-leaves","8":"pa_farve-blau","9":"pa_farve-rosa-de","10":"pa_farve-tuerken","11":"pa_metal-rose-gold","12":"pa_metal-silber","13":"pa_sten-aquamarin","14":"pa_sten-labradorit","15":"pa_sten-rosenquarz","16":"has-post-title","17":"has-post-date","18":"has-post-category","19":"has-post-tag","20":"has-post-comment","21":"has-post-author","22":"","24":"first","25":"instock","26":"taxable","27":"shipping-taxable","28":"purchasable","29":"product-type-variable","30":"has-default-attributes"},"builder_content":"","_links":{"self":[{"href":"https:\/\/kapini.dk\/de\/wp-json\/wp\/v2\/product\/4683","targetHints":{"allow":["GET"]}}],"collection":[{"href":"https:\/\/kapini.dk\/de\/wp-json\/wp\/v2\/product"}],"about":[{"href":"https:\/\/kapini.dk\/de\/wp-json\/wp\/v2\/types\/product"}],"replies":[{"embeddable":true,"href":"https:\/\/kapini.dk\/de\/wp-json\/wp\/v2\/comments?post=4683"}],"wp:featuredmedia":[{"embeddable":true,"href":"https:\/\/kapini.dk\/de\/wp-json\/wp\/v2\/media\/4691"}],"wp:attachment":[{"href":"https:\/\/kapini.dk\/de\/wp-json\/wp\/v2\/media?parent=4683"}],"wp:term":[{"taxonomy":"product_brand","embeddable":true,"href":"https:\/\/kapini.dk\/de\/wp-json\/wp\/v2\/product_brand?post=4683"},{"taxonomy":"product_cat","embeddable":true,"href":"https:\/\/kapini.dk\/de\/wp-json\/wp\/v2\/product_cat?post=4683"},{"taxonomy":"product_tag","embeddable":true,"href":"https:\/\/kapini.dk\/de\/wp-json\/wp\/v2\/product_tag?post=4683"}],"curies":[{"name":"wp","href":"https:\/\/api.w.org\/{rel}","templated":true}]}}