{"id":4547,"date":"2022-09-29T14:58:46","date_gmt":"2022-09-29T13:58:46","guid":{"rendered":"https:\/\/kapini.dk\/unkategorisiert\/mairin-armband-gold\/"},"modified":"2022-09-29T14:58:46","modified_gmt":"2022-09-29T13:58:46","slug":"mairin-arm-band-gold","status":"publish","type":"product","link":"https:\/\/kapini.dk\/de\/armbaender\/mairin-arm-band-gold\/","title":{"rendered":"Mairin-Armband &#8211; Gold"},"content":{"rendered":"<!--themify_builder_content-->\n<div id=\"themify_builder_content-4547\" data-postid=\"4547\" class=\"themify_builder_content themify_builder_content-4547 themify_builder tf_clear\">\n    <\/div>\n<!--\/themify_builder_content-->\n","protected":false},"excerpt":{"rendered":"<p>Elegantes und schlichtes Armband, das aus zwei separaten, aber miteinander verbundenen Ringen besteht. Das Armband ist sowohl in gl\u00e4nzendem und geb\u00fcrstetem Sterlingsilber als auch in vergoldetem (24ct) Sterlingsilber erh\u00e4ltlich.<\/p>\n<p><span style=\"text-decoration: underline;\">H\u00f6he:<\/span> 8 mm<br \/>\n<span style=\"text-decoration: underline;\">Breite:<\/span> 67 mm<br \/>\n<span style=\"text-decoration: underline;\">Tiefe:<\/span> 67 mm<\/p>\n","protected":false},"featured_media":4541,"comment_status":"open","ping_status":"closed","template":"","meta":[],"product_brand":[],"product_cat":[142,107],"product_tag":[],"class_list":{"0":"post-4547","1":"product","2":"type-product","3":"status-publish","4":"has-post-thumbnail","6":"product_cat-armbaender","7":"product_cat-green-leaves","8":"pa_metal-gold-de","9":"pa_metal-silber","10":"has-post-title","11":"has-post-date","12":"has-post-category","13":"has-post-tag","14":"has-post-comment","15":"has-post-author","16":"","18":"first","19":"instock","20":"taxable","21":"shipping-taxable","22":"purchasable","23":"product-type-simple"},"builder_content":"","_links":{"self":[{"href":"https:\/\/kapini.dk\/de\/wp-json\/wp\/v2\/product\/4547","targetHints":{"allow":["GET"]}}],"collection":[{"href":"https:\/\/kapini.dk\/de\/wp-json\/wp\/v2\/product"}],"about":[{"href":"https:\/\/kapini.dk\/de\/wp-json\/wp\/v2\/types\/product"}],"replies":[{"embeddable":true,"href":"https:\/\/kapini.dk\/de\/wp-json\/wp\/v2\/comments?post=4547"}],"wp:featuredmedia":[{"embeddable":true,"href":"https:\/\/kapini.dk\/de\/wp-json\/wp\/v2\/media\/4541"}],"wp:attachment":[{"href":"https:\/\/kapini.dk\/de\/wp-json\/wp\/v2\/media?parent=4547"}],"wp:term":[{"taxonomy":"product_brand","embeddable":true,"href":"https:\/\/kapini.dk\/de\/wp-json\/wp\/v2\/product_brand?post=4547"},{"taxonomy":"product_cat","embeddable":true,"href":"https:\/\/kapini.dk\/de\/wp-json\/wp\/v2\/product_cat?post=4547"},{"taxonomy":"product_tag","embeddable":true,"href":"https:\/\/kapini.dk\/de\/wp-json\/wp\/v2\/product_tag?post=4547"}],"curies":[{"name":"wp","href":"https:\/\/api.w.org\/{rel}","templated":true}]}}