{"id":4477,"date":"2022-09-29T14:17:55","date_gmt":"2022-09-29T13:17:55","guid":{"rendered":"https:\/\/kapini.dk\/?post_type=product&#038;p=4477"},"modified":"2023-08-28T16:40:20","modified_gmt":"2023-08-28T15:40:20","slug":"kelsee-ring","status":"publish","type":"product","link":"https:\/\/kapini.dk\/de\/fingerringe\/kelsee-ring\/","title":{"rendered":"Kelseering"},"content":{"rendered":"<!--themify_builder_content-->\n<div id=\"themify_builder_content-4477\" data-postid=\"4477\" class=\"themify_builder_content themify_builder_content-4477 themify_builder tf_clear\">\n    <\/div>\n<!--\/themify_builder_content-->\n","protected":false},"excerpt":{"rendered":"<div id=\"short_description_block\">\n<div id=\"short_description_content\" class=\"rte align_justify\">\n<div id=\"short_description_block\">\n<div id=\"short_description_content\" class=\"rte align_justify\">\n<div id=\"short_description_block\">\n<div id=\"short_description_content\" class=\"rte align_justify\">\n<div id=\"short_description_block\">\n<div id=\"short_description_content\" class=\"rte align_justify\">\n<div id=\"short_description_block\">\n<div id=\"short_description_content\" class=\"rte align_justify\">\n<p>Zeitloser und sehr sch\u00f6ner Ring mit einem stilvollen und klaren Ausdruck. W\u00e4hlen Sie zwischen Gold und Silber.<\/p>\n<p>Dieser Fingerring ist offen, und die Gr\u00f6\u00dfe kann mit etwas Sorgfalt um eine Gr\u00f6\u00dfe nach oben oder unten angepasst werden.<\/p>\n<\/div>\n<\/div>\n<\/div>\n<\/div>\n<\/div>\n<\/div>\n<\/div>\n<\/div>\n<\/div>\n<\/div>\n","protected":false},"featured_media":4487,"comment_status":"open","ping_status":"closed","template":"","meta":[],"product_brand":[],"product_cat":[168,107],"product_tag":[],"class_list":{"0":"post-4477","1":"product","2":"type-product","3":"status-publish","4":"has-post-thumbnail","6":"product_cat-fingerringe","7":"product_cat-green-leaves","8":"pa_metal-gold-de","9":"pa_metal-silber","10":"has-post-title","11":"has-post-date","12":"has-post-category","13":"has-post-tag","14":"has-post-comment","15":"has-post-author","16":"","18":"first","19":"outofstock","20":"taxable","21":"shipping-taxable","22":"purchasable","23":"product-type-variable"},"builder_content":"","_links":{"self":[{"href":"https:\/\/kapini.dk\/de\/wp-json\/wp\/v2\/product\/4477","targetHints":{"allow":["GET"]}}],"collection":[{"href":"https:\/\/kapini.dk\/de\/wp-json\/wp\/v2\/product"}],"about":[{"href":"https:\/\/kapini.dk\/de\/wp-json\/wp\/v2\/types\/product"}],"replies":[{"embeddable":true,"href":"https:\/\/kapini.dk\/de\/wp-json\/wp\/v2\/comments?post=4477"}],"wp:featuredmedia":[{"embeddable":true,"href":"https:\/\/kapini.dk\/de\/wp-json\/wp\/v2\/media\/4487"}],"wp:attachment":[{"href":"https:\/\/kapini.dk\/de\/wp-json\/wp\/v2\/media?parent=4477"}],"wp:term":[{"taxonomy":"product_brand","embeddable":true,"href":"https:\/\/kapini.dk\/de\/wp-json\/wp\/v2\/product_brand?post=4477"},{"taxonomy":"product_cat","embeddable":true,"href":"https:\/\/kapini.dk\/de\/wp-json\/wp\/v2\/product_cat?post=4477"},{"taxonomy":"product_tag","embeddable":true,"href":"https:\/\/kapini.dk\/de\/wp-json\/wp\/v2\/product_tag?post=4477"}],"curies":[{"name":"wp","href":"https:\/\/api.w.org\/{rel}","templated":true}]}}