{"id":4205,"date":"2022-09-29T12:42:09","date_gmt":"2022-09-29T11:42:09","guid":{"rendered":"https:\/\/kapini.dk\/?post_type=product&#038;p=4205"},"modified":"2022-09-29T12:44:07","modified_gmt":"2022-09-29T11:44:07","slug":"firdous-ohrringe","status":"publish","type":"product","link":"https:\/\/kapini.dk\/de\/green-leaves\/firdous-ohrringe\/","title":{"rendered":"Firdous-Ohrringe"},"content":{"rendered":"<!--themify_builder_content-->\n<div id=\"themify_builder_content-4205\" data-postid=\"4205\" class=\"themify_builder_content themify_builder_content-4205 themify_builder tf_clear\">\n    <\/div>\n<!--\/themify_builder_content-->\n","protected":false},"excerpt":{"rendered":"<p>Sehr sch\u00f6ner und einzigartiger Ohrring, der in 3 leicht geb\u00fcrsteten\/gl\u00e4nzenden Edelmetallen erscheint: vergoldetes und ros\u00e9vergoldetes (24krt) Sterlingsilber sowie reines Sterlingsilber.<\/p>\n<p>Der Ohrring besteht aus mehreren einzelnen Schmuckteilen und ist sehr beweglich.<\/p>\n<p><span style=\"text-decoration: underline;\">H\u00f6he, einschlie\u00dflich Ohrb\u00fcgel:<\/span> 65 mm<br \/>\n<span style=\"text-decoration: underline;\">Breite:<\/span> 32 mm<br \/>\n<span style=\"text-decoration: underline;\">Tiefe, ohne Ohrb\u00fcgel:<\/span> 4 mm<\/p>\n","protected":false},"featured_media":4209,"comment_status":"open","ping_status":"closed","template":"","meta":[],"product_brand":[],"product_cat":[107,81],"product_tag":[],"class_list":{"0":"post-4205","1":"product","2":"type-product","3":"status-publish","4":"has-post-thumbnail","6":"product_cat-green-leaves","7":"product_cat-ohrringe","8":"pa_metal-gold-de","9":"pa_metal-rose-gold","10":"pa_metal-silber","11":"has-post-title","12":"has-post-date","13":"has-post-category","14":"has-post-tag","15":"has-post-comment","16":"has-post-author","17":"","19":"first","20":"instock","21":"taxable","22":"shipping-taxable","23":"purchasable","24":"product-type-simple"},"builder_content":"","_links":{"self":[{"href":"https:\/\/kapini.dk\/de\/wp-json\/wp\/v2\/product\/4205","targetHints":{"allow":["GET"]}}],"collection":[{"href":"https:\/\/kapini.dk\/de\/wp-json\/wp\/v2\/product"}],"about":[{"href":"https:\/\/kapini.dk\/de\/wp-json\/wp\/v2\/types\/product"}],"replies":[{"embeddable":true,"href":"https:\/\/kapini.dk\/de\/wp-json\/wp\/v2\/comments?post=4205"}],"wp:featuredmedia":[{"embeddable":true,"href":"https:\/\/kapini.dk\/de\/wp-json\/wp\/v2\/media\/4209"}],"wp:attachment":[{"href":"https:\/\/kapini.dk\/de\/wp-json\/wp\/v2\/media?parent=4205"}],"wp:term":[{"taxonomy":"product_brand","embeddable":true,"href":"https:\/\/kapini.dk\/de\/wp-json\/wp\/v2\/product_brand?post=4205"},{"taxonomy":"product_cat","embeddable":true,"href":"https:\/\/kapini.dk\/de\/wp-json\/wp\/v2\/product_cat?post=4205"},{"taxonomy":"product_tag","embeddable":true,"href":"https:\/\/kapini.dk\/de\/wp-json\/wp\/v2\/product_tag?post=4205"}],"curies":[{"name":"wp","href":"https:\/\/api.w.org\/{rel}","templated":true}]}}