{"id":4169,"date":"2022-09-29T12:27:52","date_gmt":"2022-09-29T11:27:52","guid":{"rendered":"https:\/\/kapini.dk\/?post_type=product&#038;p=4169"},"modified":"2023-02-28T14:49:24","modified_gmt":"2023-02-28T13:49:24","slug":"ettna-ohrringe","status":"publish","type":"product","link":"https:\/\/kapini.dk\/de\/green-leaves\/ettna-ohrringe\/","title":{"rendered":"Etna-Ohrringe"},"content":{"rendered":"<!--themify_builder_content-->\n<div id=\"themify_builder_content-4169\" data-postid=\"4169\" class=\"themify_builder_content themify_builder_content-4169 themify_builder tf_clear\">\n    <\/div>\n<!--\/themify_builder_content-->\n","protected":false},"excerpt":{"rendered":"<p>Eleganter und sehr zierlicher Ohrring in gro\u00dfer Gr\u00f6\u00dfe mit Blattmotiv; der Ohrring ist aus gl\u00e4nzendem und leicht verziertem Sterlingsilber.<\/p>\n<p><span style=\"text-decoration: underline;\">H\u00f6he, einschlie\u00dflich Ohrb\u00fcgel:<\/span> 66 mm<br \/>\n<span style=\"text-decoration: underline;\">Breite:<\/span> 9mm<br \/>\n<span style=\"text-decoration: underline;\">Tiefe, ohne Ohrb\u00fcgel:<\/span> 1 mm<\/p>\n","protected":false},"featured_media":4173,"comment_status":"open","ping_status":"closed","template":"","meta":[],"product_brand":[],"product_cat":[107,81],"product_tag":[],"class_list":{"0":"post-4169","1":"product","2":"type-product","3":"status-publish","4":"has-post-thumbnail","6":"product_cat-green-leaves","7":"product_cat-ohrringe","8":"pa_metal-silber","9":"has-post-title","10":"has-post-date","11":"has-post-category","12":"has-post-tag","13":"has-post-comment","14":"has-post-author","15":"","17":"first","18":"instock","19":"taxable","20":"shipping-taxable","21":"purchasable","22":"product-type-simple"},"builder_content":"","_links":{"self":[{"href":"https:\/\/kapini.dk\/de\/wp-json\/wp\/v2\/product\/4169","targetHints":{"allow":["GET"]}}],"collection":[{"href":"https:\/\/kapini.dk\/de\/wp-json\/wp\/v2\/product"}],"about":[{"href":"https:\/\/kapini.dk\/de\/wp-json\/wp\/v2\/types\/product"}],"replies":[{"embeddable":true,"href":"https:\/\/kapini.dk\/de\/wp-json\/wp\/v2\/comments?post=4169"}],"wp:featuredmedia":[{"embeddable":true,"href":"https:\/\/kapini.dk\/de\/wp-json\/wp\/v2\/media\/4173"}],"wp:attachment":[{"href":"https:\/\/kapini.dk\/de\/wp-json\/wp\/v2\/media?parent=4169"}],"wp:term":[{"taxonomy":"product_brand","embeddable":true,"href":"https:\/\/kapini.dk\/de\/wp-json\/wp\/v2\/product_brand?post=4169"},{"taxonomy":"product_cat","embeddable":true,"href":"https:\/\/kapini.dk\/de\/wp-json\/wp\/v2\/product_cat?post=4169"},{"taxonomy":"product_tag","embeddable":true,"href":"https:\/\/kapini.dk\/de\/wp-json\/wp\/v2\/product_tag?post=4169"}],"curies":[{"name":"wp","href":"https:\/\/api.w.org\/{rel}","templated":true}]}}