{"id":4004,"date":"2022-09-29T11:08:05","date_gmt":"2022-09-29T10:08:05","guid":{"rendered":"https:\/\/kapini.dk\/?post_type=product&#038;p=4004"},"modified":"2022-09-29T11:11:26","modified_gmt":"2022-09-29T10:11:26","slug":"himmel-gold-ring","status":"publish","type":"product","link":"https:\/\/kapini.dk\/de\/green-leaves\/himmel-gold-ring\/","title":{"rendered":"Eaven-Ohrringe &#8211; Gold"},"content":{"rendered":"<!--themify_builder_content-->\n<div id=\"themify_builder_content-4004\" data-postid=\"4004\" class=\"themify_builder_content themify_builder_content-4004 themify_builder tf_clear\">\n    <\/div>\n<!--\/themify_builder_content-->\n","protected":false},"excerpt":{"rendered":"<p>Anmutiger Ohrring aus vergoldetem (24ct) und leicht geb\u00fcrstetem Sterlingsilber.<\/p>\n<p>Der Ohrring besteht aus mehreren einzelnen Schmuckteilen und ist sehr beweglich.<\/p>\n<p><span style=\"text-decoration: underline;\">H\u00f6he, einschlie\u00dflich Ohrb\u00fcgel:<\/span> 55 mm<br \/>\n<span style=\"text-decoration: underline;\">Breite:<\/span> 11mm<br \/>\n<span style=\"text-decoration: underline;\">Tiefe, ohne Ohrb\u00fcgel:<\/span> 2 mm<\/p>\n","protected":false},"featured_media":4014,"comment_status":"open","ping_status":"closed","template":"","meta":[],"product_brand":[],"product_cat":[107,81],"product_tag":[],"class_list":{"0":"post-4004","1":"product","2":"type-product","3":"status-publish","4":"has-post-thumbnail","6":"product_cat-green-leaves","7":"product_cat-ohrringe","8":"pa_metal-gold-de","9":"has-post-title","10":"has-post-date","11":"has-post-category","12":"has-post-tag","13":"has-post-comment","14":"has-post-author","15":"","17":"first","18":"instock","19":"taxable","20":"shipping-taxable","21":"purchasable","22":"product-type-simple"},"builder_content":"","_links":{"self":[{"href":"https:\/\/kapini.dk\/de\/wp-json\/wp\/v2\/product\/4004","targetHints":{"allow":["GET"]}}],"collection":[{"href":"https:\/\/kapini.dk\/de\/wp-json\/wp\/v2\/product"}],"about":[{"href":"https:\/\/kapini.dk\/de\/wp-json\/wp\/v2\/types\/product"}],"replies":[{"embeddable":true,"href":"https:\/\/kapini.dk\/de\/wp-json\/wp\/v2\/comments?post=4004"}],"wp:featuredmedia":[{"embeddable":true,"href":"https:\/\/kapini.dk\/de\/wp-json\/wp\/v2\/media\/4014"}],"wp:attachment":[{"href":"https:\/\/kapini.dk\/de\/wp-json\/wp\/v2\/media?parent=4004"}],"wp:term":[{"taxonomy":"product_brand","embeddable":true,"href":"https:\/\/kapini.dk\/de\/wp-json\/wp\/v2\/product_brand?post=4004"},{"taxonomy":"product_cat","embeddable":true,"href":"https:\/\/kapini.dk\/de\/wp-json\/wp\/v2\/product_cat?post=4004"},{"taxonomy":"product_tag","embeddable":true,"href":"https:\/\/kapini.dk\/de\/wp-json\/wp\/v2\/product_tag?post=4004"}],"curies":[{"name":"wp","href":"https:\/\/api.w.org\/{rel}","templated":true}]}}