{"id":390,"date":"2022-08-05T10:34:08","date_gmt":"2022-08-05T09:34:08","guid":{"rendered":"https:\/\/kapini.dk\/shop\/angelina-ohrringe-rosa\/"},"modified":"2022-09-22T14:13:41","modified_gmt":"2022-09-22T13:13:41","slug":"angelina-earrings-pink","status":"publish","type":"product","link":"https:\/\/kapini.dk\/de\/yellow-leaves\/angelina-earrings-pink\/","title":{"rendered":"Angelina Ohrringe &#8211; Rosa"},"content":{"rendered":"<!--themify_builder_content-->\n<div id=\"themify_builder_content-390\" data-postid=\"390\" class=\"themify_builder_content themify_builder_content-390 themify_builder tf_clear\">\n    <\/div>\n<!--\/themify_builder_content-->\n","protected":false},"excerpt":{"rendered":"<p>Sch\u00f6ner und schlichter Ohrring mit rosa Turmalin aus leicht geb\u00fcrstetem und vergoldetem (24 krt.) Sterlingsilber.<\/p>\n<p><strong>Stein:<\/strong> Turmalin<\/p>\n<p><strong>H\u00f6he, einschlie\u00dflich Ohrb\u00fcgel\/Ohrst\u00f6psel:<\/strong> 7 mm<br \/>\n<strong>Breite:<\/strong> 7 mm<br \/>\n<strong>Tiefe, ohne Ohrb\u00fcgel\/Ohrst\u00f6psel:<\/strong> 6 mm<\/p>\n","protected":false},"featured_media":331,"comment_status":"open","ping_status":"closed","template":"","meta":[],"product_brand":[],"product_cat":[81,102],"product_tag":[],"class_list":{"0":"post-390","1":"product","2":"type-product","3":"status-publish","4":"has-post-thumbnail","6":"product_cat-ohrringe","7":"product_cat-yellow-leaves","8":"pa_farve-rosa","9":"pa_metal-gold-de","10":"pa_sten-turmalin","11":"has-post-title","12":"has-post-date","13":"has-post-category","14":"has-post-tag","15":"has-post-comment","16":"has-post-author","17":"","19":"first","20":"instock","21":"taxable","22":"shipping-taxable","23":"purchasable","24":"product-type-simple"},"builder_content":"","_links":{"self":[{"href":"https:\/\/kapini.dk\/de\/wp-json\/wp\/v2\/product\/390","targetHints":{"allow":["GET"]}}],"collection":[{"href":"https:\/\/kapini.dk\/de\/wp-json\/wp\/v2\/product"}],"about":[{"href":"https:\/\/kapini.dk\/de\/wp-json\/wp\/v2\/types\/product"}],"replies":[{"embeddable":true,"href":"https:\/\/kapini.dk\/de\/wp-json\/wp\/v2\/comments?post=390"}],"wp:featuredmedia":[{"embeddable":true,"href":"https:\/\/kapini.dk\/de\/wp-json\/wp\/v2\/media\/331"}],"wp:attachment":[{"href":"https:\/\/kapini.dk\/de\/wp-json\/wp\/v2\/media?parent=390"}],"wp:term":[{"taxonomy":"product_brand","embeddable":true,"href":"https:\/\/kapini.dk\/de\/wp-json\/wp\/v2\/product_brand?post=390"},{"taxonomy":"product_cat","embeddable":true,"href":"https:\/\/kapini.dk\/de\/wp-json\/wp\/v2\/product_cat?post=390"},{"taxonomy":"product_tag","embeddable":true,"href":"https:\/\/kapini.dk\/de\/wp-json\/wp\/v2\/product_tag?post=390"}],"curies":[{"name":"wp","href":"https:\/\/api.w.org\/{rel}","templated":true}]}}