{"id":3889,"date":"2022-09-28T23:10:01","date_gmt":"2022-09-28T22:10:01","guid":{"rendered":"https:\/\/kapini.dk\/?post_type=product&#038;p=3889"},"modified":"2022-09-28T23:12:16","modified_gmt":"2022-09-28T22:12:16","slug":"catriona-earrings-pink-gold","status":"publish","type":"product","link":"https:\/\/kapini.dk\/de\/green-leaves\/catriona-earrings-pink-gold\/","title":{"rendered":"Catriona Ohrringe &#8211; Ros\u00e9gold"},"content":{"rendered":"<!--themify_builder_content-->\n<div id=\"themify_builder_content-3889\" data-postid=\"3889\" class=\"themify_builder_content themify_builder_content-3889 themify_builder tf_clear\">\n    <\/div>\n<!--\/themify_builder_content-->\n","protected":false},"excerpt":{"rendered":"<p>Eleganter und sehr stilvoller Ohrring aus reinem, ros\u00e9vergoldetem (24ct) und leicht geb\u00fcrstetem Sterlingsilber.<\/p>\n<p>Beachten Sie, dass der Ohrhaken rund ist.<\/p>\n<p>Der Ohrring besteht aus mehreren einzelnen Schmuckteilen und ist sehr beweglich.<\/p>\n<p>H\u00f6he, einschlie\u00dflich Ohrb\u00fcgel: 65 mm, Breite: 18 mm, Tiefe, ohne Ohrb\u00fcgel: 18 mm<\/p>\n","protected":false},"featured_media":3893,"comment_status":"open","ping_status":"closed","template":"","meta":[],"product_brand":[],"product_cat":[107,81],"product_tag":[],"class_list":{"0":"post-3889","1":"product","2":"type-product","3":"status-publish","4":"has-post-thumbnail","6":"product_cat-green-leaves","7":"product_cat-ohrringe","8":"pa_metal-rose-gold","9":"pa_metal-silber","10":"has-post-title","11":"has-post-date","12":"has-post-category","13":"has-post-tag","14":"has-post-comment","15":"has-post-author","16":"","18":"first","19":"instock","20":"taxable","21":"shipping-taxable","22":"purchasable","23":"product-type-simple"},"builder_content":"","_links":{"self":[{"href":"https:\/\/kapini.dk\/de\/wp-json\/wp\/v2\/product\/3889","targetHints":{"allow":["GET"]}}],"collection":[{"href":"https:\/\/kapini.dk\/de\/wp-json\/wp\/v2\/product"}],"about":[{"href":"https:\/\/kapini.dk\/de\/wp-json\/wp\/v2\/types\/product"}],"replies":[{"embeddable":true,"href":"https:\/\/kapini.dk\/de\/wp-json\/wp\/v2\/comments?post=3889"}],"wp:featuredmedia":[{"embeddable":true,"href":"https:\/\/kapini.dk\/de\/wp-json\/wp\/v2\/media\/3893"}],"wp:attachment":[{"href":"https:\/\/kapini.dk\/de\/wp-json\/wp\/v2\/media?parent=3889"}],"wp:term":[{"taxonomy":"product_brand","embeddable":true,"href":"https:\/\/kapini.dk\/de\/wp-json\/wp\/v2\/product_brand?post=3889"},{"taxonomy":"product_cat","embeddable":true,"href":"https:\/\/kapini.dk\/de\/wp-json\/wp\/v2\/product_cat?post=3889"},{"taxonomy":"product_tag","embeddable":true,"href":"https:\/\/kapini.dk\/de\/wp-json\/wp\/v2\/product_tag?post=3889"}],"curies":[{"name":"wp","href":"https:\/\/api.w.org\/{rel}","templated":true}]}}