{"id":3864,"date":"2022-09-28T23:01:03","date_gmt":"2022-09-28T22:01:03","guid":{"rendered":"https:\/\/kapini.dk\/?post_type=product&#038;p=3864"},"modified":"2022-09-28T23:03:00","modified_gmt":"2022-09-28T22:03:00","slug":"casidi-ohrringe","status":"publish","type":"product","link":"https:\/\/kapini.dk\/de\/green-leaves\/casidi-ohrringe\/","title":{"rendered":"Casidi-Ohrringe"},"content":{"rendered":"<!--themify_builder_content-->\n<div id=\"themify_builder_content-3864\" data-postid=\"3864\" class=\"themify_builder_content themify_builder_content-3864 themify_builder tf_clear\">\n    <\/div>\n<!--\/themify_builder_content-->\n","protected":false},"excerpt":{"rendered":"<p>Sch\u00f6ner und klassischer Ohrring aus vergoldetem (24ct) und rhodiniertem gl\u00e4nzendem und geb\u00fcrstetem Sterlingsilber.<\/p>\n<p>Der Ohrring ist mit Ohrstecker.<\/p>\n<p>H\u00f6he, einschlie\u00dflich Ohrb\u00fcgel: 50mm, Breite: 29mm, Tiefe, ohne Ohrb\u00fcgel: 2mm<\/p>\n","protected":false},"featured_media":3868,"comment_status":"open","ping_status":"closed","template":"","meta":[],"product_brand":[],"product_cat":[107,81],"product_tag":[],"class_list":{"0":"post-3864","1":"product","2":"type-product","3":"status-publish","4":"has-post-thumbnail","6":"product_cat-green-leaves","7":"product_cat-ohrringe","8":"pa_metal-gold-de","9":"pa_metal-rhodium-de","10":"has-post-title","11":"has-post-date","12":"has-post-category","13":"has-post-tag","14":"has-post-comment","15":"has-post-author","16":"","18":"first","19":"instock","20":"taxable","21":"shipping-taxable","22":"purchasable","23":"product-type-simple"},"builder_content":"","_links":{"self":[{"href":"https:\/\/kapini.dk\/de\/wp-json\/wp\/v2\/product\/3864","targetHints":{"allow":["GET"]}}],"collection":[{"href":"https:\/\/kapini.dk\/de\/wp-json\/wp\/v2\/product"}],"about":[{"href":"https:\/\/kapini.dk\/de\/wp-json\/wp\/v2\/types\/product"}],"replies":[{"embeddable":true,"href":"https:\/\/kapini.dk\/de\/wp-json\/wp\/v2\/comments?post=3864"}],"wp:featuredmedia":[{"embeddable":true,"href":"https:\/\/kapini.dk\/de\/wp-json\/wp\/v2\/media\/3868"}],"wp:attachment":[{"href":"https:\/\/kapini.dk\/de\/wp-json\/wp\/v2\/media?parent=3864"}],"wp:term":[{"taxonomy":"product_brand","embeddable":true,"href":"https:\/\/kapini.dk\/de\/wp-json\/wp\/v2\/product_brand?post=3864"},{"taxonomy":"product_cat","embeddable":true,"href":"https:\/\/kapini.dk\/de\/wp-json\/wp\/v2\/product_cat?post=3864"},{"taxonomy":"product_tag","embeddable":true,"href":"https:\/\/kapini.dk\/de\/wp-json\/wp\/v2\/product_tag?post=3864"}],"curies":[{"name":"wp","href":"https:\/\/api.w.org\/{rel}","templated":true}]}}