{"id":3840,"date":"2022-09-28T22:50:37","date_gmt":"2022-09-28T21:50:37","guid":{"rendered":"https:\/\/kapini.dk\/?post_type=product&#038;p=3840"},"modified":"2023-02-14T14:53:39","modified_gmt":"2023-02-14T13:53:39","slug":"carline-ohrringe-gold-rhodium","status":"publish","type":"product","link":"https:\/\/kapini.dk\/de\/green-leaves\/carline-ohrringe-gold-rhodium\/","title":{"rendered":"Carline Ohrringe &#8211; Gold &amp; Rhodium"},"content":{"rendered":"<!--themify_builder_content-->\n<div id=\"themify_builder_content-3840\" data-postid=\"3840\" class=\"themify_builder_content themify_builder_content-3840 themify_builder tf_clear\">\n    <\/div>\n<!--\/themify_builder_content-->\n","protected":false},"excerpt":{"rendered":"<p>Sch\u00f6ner und sehr beweglicher Ohrring mit sch\u00f6nem Blumenmotiv, das sowohl in rhodiniertem als auch in vergoldetem (24krt), leicht geb\u00fcrstetem Sterlingsilber erscheint.<\/p>\n<p>H\u00f6he, einschlie\u00dflich Ohrb\u00fcgel: 66mm, Breite: 25mm, Tiefe, ohne Ohrb\u00fcgel: 12mm<\/p>\n","protected":false},"featured_media":3847,"comment_status":"open","ping_status":"closed","template":"","meta":[],"product_brand":[],"product_cat":[107,81],"product_tag":[],"class_list":{"0":"post-3840","1":"product","2":"type-product","3":"status-publish","4":"has-post-thumbnail","6":"product_cat-green-leaves","7":"product_cat-ohrringe","8":"pa_metal-gold-de","9":"pa_metal-rhodium-de","10":"has-post-title","11":"has-post-date","12":"has-post-category","13":"has-post-tag","14":"has-post-comment","15":"has-post-author","16":"","18":"first","19":"instock","20":"taxable","21":"shipping-taxable","22":"purchasable","23":"product-type-simple"},"builder_content":"","_links":{"self":[{"href":"https:\/\/kapini.dk\/de\/wp-json\/wp\/v2\/product\/3840","targetHints":{"allow":["GET"]}}],"collection":[{"href":"https:\/\/kapini.dk\/de\/wp-json\/wp\/v2\/product"}],"about":[{"href":"https:\/\/kapini.dk\/de\/wp-json\/wp\/v2\/types\/product"}],"replies":[{"embeddable":true,"href":"https:\/\/kapini.dk\/de\/wp-json\/wp\/v2\/comments?post=3840"}],"wp:featuredmedia":[{"embeddable":true,"href":"https:\/\/kapini.dk\/de\/wp-json\/wp\/v2\/media\/3847"}],"wp:attachment":[{"href":"https:\/\/kapini.dk\/de\/wp-json\/wp\/v2\/media?parent=3840"}],"wp:term":[{"taxonomy":"product_brand","embeddable":true,"href":"https:\/\/kapini.dk\/de\/wp-json\/wp\/v2\/product_brand?post=3840"},{"taxonomy":"product_cat","embeddable":true,"href":"https:\/\/kapini.dk\/de\/wp-json\/wp\/v2\/product_cat?post=3840"},{"taxonomy":"product_tag","embeddable":true,"href":"https:\/\/kapini.dk\/de\/wp-json\/wp\/v2\/product_tag?post=3840"}],"curies":[{"name":"wp","href":"https:\/\/api.w.org\/{rel}","templated":true}]}}