{"id":384,"date":"2022-08-05T10:59:13","date_gmt":"2022-08-05T09:59:13","guid":{"rendered":"https:\/\/kapini.dk\/shop\/amelia-ohrring-silber\/"},"modified":"2023-12-07T11:28:10","modified_gmt":"2023-12-07T10:28:10","slug":"amelia-earrings-solv","status":"publish","type":"product","link":"https:\/\/kapini.dk\/de\/green-leaves\/amelia-earrings-solv\/","title":{"rendered":"Amelia Ohrringe &#8211; Silber"},"content":{"rendered":"<!--themify_builder_content-->\n<div id=\"themify_builder_content-384\" data-postid=\"384\" class=\"themify_builder_content themify_builder_content-384 themify_builder tf_clear\">\n    <\/div>\n<!--\/themify_builder_content-->\n","protected":false},"excerpt":{"rendered":"<p>Stilvoller Ohrring mit leichtem Blumenmotiv aus gl\u00e4nzendem Sterlingsilber.<\/p>\n<p><strong>H\u00f6he, einschlie\u00dflich Ohrb\u00fcgel:<\/strong> 52 mm<br \/>\n<strong>Breite:<\/strong> 15 mm<br \/>\n<strong>Tiefe, ohne Ohrb\u00fcgel:<\/strong> 15 mm<\/p>\n","protected":false},"featured_media":872,"comment_status":"open","ping_status":"closed","template":"","meta":[],"product_brand":[],"product_cat":[107,81],"product_tag":[],"class_list":{"0":"post-384","1":"product","2":"type-product","3":"status-publish","4":"has-post-thumbnail","6":"product_cat-green-leaves","7":"product_cat-ohrringe","8":"pa_metal-silber","9":"has-post-title","10":"has-post-date","11":"has-post-category","12":"has-post-tag","13":"has-post-comment","14":"has-post-author","15":"","17":"first","18":"outofstock","19":"taxable","20":"shipping-taxable","21":"purchasable","22":"product-type-simple"},"builder_content":"","_links":{"self":[{"href":"https:\/\/kapini.dk\/de\/wp-json\/wp\/v2\/product\/384","targetHints":{"allow":["GET"]}}],"collection":[{"href":"https:\/\/kapini.dk\/de\/wp-json\/wp\/v2\/product"}],"about":[{"href":"https:\/\/kapini.dk\/de\/wp-json\/wp\/v2\/types\/product"}],"replies":[{"embeddable":true,"href":"https:\/\/kapini.dk\/de\/wp-json\/wp\/v2\/comments?post=384"}],"wp:featuredmedia":[{"embeddable":true,"href":"https:\/\/kapini.dk\/de\/wp-json\/wp\/v2\/media\/872"}],"wp:attachment":[{"href":"https:\/\/kapini.dk\/de\/wp-json\/wp\/v2\/media?parent=384"}],"wp:term":[{"taxonomy":"product_brand","embeddable":true,"href":"https:\/\/kapini.dk\/de\/wp-json\/wp\/v2\/product_brand?post=384"},{"taxonomy":"product_cat","embeddable":true,"href":"https:\/\/kapini.dk\/de\/wp-json\/wp\/v2\/product_cat?post=384"},{"taxonomy":"product_tag","embeddable":true,"href":"https:\/\/kapini.dk\/de\/wp-json\/wp\/v2\/product_tag?post=384"}],"curies":[{"name":"wp","href":"https:\/\/api.w.org\/{rel}","templated":true}]}}