{"id":3825,"date":"2022-09-28T22:43:57","date_gmt":"2022-09-28T21:43:57","guid":{"rendered":"https:\/\/kapini.dk\/?post_type=product&#038;p=3825"},"modified":"2022-09-28T22:48:32","modified_gmt":"2022-09-28T21:48:32","slug":"carlina-earrings-soulv","status":"publish","type":"product","link":"https:\/\/kapini.dk\/de\/green-leaves\/carlina-earrings-soulv\/","title":{"rendered":"Carlina Ohrringe &#8211; Silber"},"content":{"rendered":"<!--themify_builder_content-->\n<div id=\"themify_builder_content-3825\" data-postid=\"3825\" class=\"themify_builder_content themify_builder_content-3825 themify_builder tf_clear\">\n    <\/div>\n<!--\/themify_builder_content-->\n","protected":false},"excerpt":{"rendered":"<p>Gro\u00dfer und vornehmer Ohrring aus leicht geb\u00fcrstetem Sterlingsilber.<\/p>\n<p>Der Ohrring besteht aus mehreren einzelnen Schmuckteilen und ist sehr beweglich.<\/p>\n<p>H\u00f6he, einschlie\u00dflich Ohrb\u00fcgel: 66mm, Breite: 30mm, Tiefe, ohne Ohrb\u00fcgel: 1mm<\/p>\n","protected":false},"featured_media":3832,"comment_status":"open","ping_status":"closed","template":"","meta":[],"product_brand":[],"product_cat":[107,81],"product_tag":[],"class_list":{"0":"post-3825","1":"product","2":"type-product","3":"status-publish","4":"has-post-thumbnail","6":"product_cat-green-leaves","7":"product_cat-ohrringe","8":"pa_metal-silber","9":"has-post-title","10":"has-post-date","11":"has-post-category","12":"has-post-tag","13":"has-post-comment","14":"has-post-author","15":"","17":"first","18":"instock","19":"taxable","20":"shipping-taxable","21":"purchasable","22":"product-type-simple"},"builder_content":"","_links":{"self":[{"href":"https:\/\/kapini.dk\/de\/wp-json\/wp\/v2\/product\/3825","targetHints":{"allow":["GET"]}}],"collection":[{"href":"https:\/\/kapini.dk\/de\/wp-json\/wp\/v2\/product"}],"about":[{"href":"https:\/\/kapini.dk\/de\/wp-json\/wp\/v2\/types\/product"}],"replies":[{"embeddable":true,"href":"https:\/\/kapini.dk\/de\/wp-json\/wp\/v2\/comments?post=3825"}],"wp:featuredmedia":[{"embeddable":true,"href":"https:\/\/kapini.dk\/de\/wp-json\/wp\/v2\/media\/3832"}],"wp:attachment":[{"href":"https:\/\/kapini.dk\/de\/wp-json\/wp\/v2\/media?parent=3825"}],"wp:term":[{"taxonomy":"product_brand","embeddable":true,"href":"https:\/\/kapini.dk\/de\/wp-json\/wp\/v2\/product_brand?post=3825"},{"taxonomy":"product_cat","embeddable":true,"href":"https:\/\/kapini.dk\/de\/wp-json\/wp\/v2\/product_cat?post=3825"},{"taxonomy":"product_tag","embeddable":true,"href":"https:\/\/kapini.dk\/de\/wp-json\/wp\/v2\/product_tag?post=3825"}],"curies":[{"name":"wp","href":"https:\/\/api.w.org\/{rel}","templated":true}]}}