{"id":3487,"date":"2022-09-27T14:05:48","date_gmt":"2022-09-27T13:05:48","guid":{"rendered":"https:\/\/kapini.dk\/?post_type=product&#038;p=3487"},"modified":"2026-04-07T18:59:16","modified_gmt":"2026-04-07T17:59:16","slug":"avalbane-gold-ring","status":"publish","type":"product","link":"https:\/\/kapini.dk\/de\/green-leaves\/avalbane-gold-ring\/","title":{"rendered":"Avalbane-Ohrringe &#8211; Gold"},"content":{"rendered":"<!--themify_builder_content-->\n<div id=\"themify_builder_content-3487\" data-postid=\"3487\" class=\"themify_builder_content themify_builder_content-3487 themify_builder tf_clear\">\n    <\/div>\n<!--\/themify_builder_content-->\n","protected":false},"excerpt":{"rendered":"<p>Ohrring mit feinem Blattmotiv aus vergoldetem (24ct) und leicht geb\u00fcrstetem Sterlingsilber.<\/p>\n<p>H\u00f6he, einschlie\u00dflich Ohrb\u00fcgel: 41 mm, Breite: 16 mm, Tiefe, ohne Ohrb\u00fcgel: 1 mm<\/p>\n","protected":false},"featured_media":3494,"comment_status":"open","ping_status":"closed","template":"","meta":[],"product_brand":[],"product_cat":[107,81],"product_tag":[],"class_list":{"0":"post-3487","1":"product","2":"type-product","3":"status-publish","4":"has-post-thumbnail","6":"product_cat-green-leaves","7":"product_cat-ohrringe","8":"pa_metal-gold-de","9":"has-post-title","10":"has-post-date","11":"has-post-category","12":"has-post-tag","13":"has-post-comment","14":"has-post-author","15":"","17":"first","18":"instock","19":"taxable","20":"shipping-taxable","21":"purchasable","22":"product-type-simple"},"builder_content":"","_links":{"self":[{"href":"https:\/\/kapini.dk\/de\/wp-json\/wp\/v2\/product\/3487","targetHints":{"allow":["GET"]}}],"collection":[{"href":"https:\/\/kapini.dk\/de\/wp-json\/wp\/v2\/product"}],"about":[{"href":"https:\/\/kapini.dk\/de\/wp-json\/wp\/v2\/types\/product"}],"replies":[{"embeddable":true,"href":"https:\/\/kapini.dk\/de\/wp-json\/wp\/v2\/comments?post=3487"}],"wp:featuredmedia":[{"embeddable":true,"href":"https:\/\/kapini.dk\/de\/wp-json\/wp\/v2\/media\/3494"}],"wp:attachment":[{"href":"https:\/\/kapini.dk\/de\/wp-json\/wp\/v2\/media?parent=3487"}],"wp:term":[{"taxonomy":"product_brand","embeddable":true,"href":"https:\/\/kapini.dk\/de\/wp-json\/wp\/v2\/product_brand?post=3487"},{"taxonomy":"product_cat","embeddable":true,"href":"https:\/\/kapini.dk\/de\/wp-json\/wp\/v2\/product_cat?post=3487"},{"taxonomy":"product_tag","embeddable":true,"href":"https:\/\/kapini.dk\/de\/wp-json\/wp\/v2\/product_tag?post=3487"}],"curies":[{"name":"wp","href":"https:\/\/api.w.org\/{rel}","templated":true}]}}