{"id":3405,"date":"2022-09-27T12:41:23","date_gmt":"2022-09-27T11:41:23","guid":{"rendered":"https:\/\/kapini.dk\/?post_type=product&#038;p=3405"},"modified":"2022-09-27T12:46:20","modified_gmt":"2022-09-27T11:46:20","slug":"kamesh-ring","status":"publish","type":"product","link":"https:\/\/kapini.dk\/de\/fingerringe\/kamesh-ring\/","title":{"rendered":"Kamesh-Ring"},"content":{"rendered":"<!--themify_builder_content-->\n<div id=\"themify_builder_content-3405\" data-postid=\"3405\" class=\"themify_builder_content themify_builder_content-3405 themify_builder tf_clear\">\n    <\/div>\n<!--\/themify_builder_content-->\n","protected":false},"excerpt":{"rendered":"<p>Witziger und skurriler kleiner Ring mit Cham\u00e4leonmotiv; der Ring ist aus vergoldetem (24ct.) Sterlingsilber.<\/p>\n<p>Edelsteine: Topas, Granat und schwarzer und gr\u00fcner Spinell<\/p>\n<p>H\u00f6he: 26 mm, Breite: 22 mm, Tiefe: 28 mm (Ma\u00dfe variieren je nach Ringgr\u00f6\u00dfe)<\/p>\n","protected":false},"featured_media":3419,"comment_status":"open","ping_status":"closed","template":"","meta":[],"product_brand":[],"product_cat":[168,82],"product_tag":[],"class_list":{"0":"post-3405","1":"product","2":"type-product","3":"status-publish","4":"has-post-thumbnail","6":"product_cat-fingerringe","7":"product_cat-red-leaves","8":"pa_farve-blau","9":"pa_farve-gruen","10":"pa_farve-rot","11":"pa_farve-schwarz","12":"pa_metal-gold-de","13":"pa_sten-granat","14":"pa_sten-londoner-blautopas","15":"pa_sten-spinell","16":"pa_str-52-de","17":"pa_str-54-de","18":"pa_str-57-de","19":"pa_str-59-de","20":"pa_str-62-de","21":"has-post-title","22":"has-post-date","23":"has-post-category","24":"has-post-tag","25":"has-post-comment","26":"has-post-author","27":"","29":"first","30":"outofstock","31":"taxable","32":"shipping-taxable","33":"purchasable","34":"product-type-variable"},"builder_content":"","_links":{"self":[{"href":"https:\/\/kapini.dk\/de\/wp-json\/wp\/v2\/product\/3405","targetHints":{"allow":["GET"]}}],"collection":[{"href":"https:\/\/kapini.dk\/de\/wp-json\/wp\/v2\/product"}],"about":[{"href":"https:\/\/kapini.dk\/de\/wp-json\/wp\/v2\/types\/product"}],"replies":[{"embeddable":true,"href":"https:\/\/kapini.dk\/de\/wp-json\/wp\/v2\/comments?post=3405"}],"wp:featuredmedia":[{"embeddable":true,"href":"https:\/\/kapini.dk\/de\/wp-json\/wp\/v2\/media\/3419"}],"wp:attachment":[{"href":"https:\/\/kapini.dk\/de\/wp-json\/wp\/v2\/media?parent=3405"}],"wp:term":[{"taxonomy":"product_brand","embeddable":true,"href":"https:\/\/kapini.dk\/de\/wp-json\/wp\/v2\/product_brand?post=3405"},{"taxonomy":"product_cat","embeddable":true,"href":"https:\/\/kapini.dk\/de\/wp-json\/wp\/v2\/product_cat?post=3405"},{"taxonomy":"product_tag","embeddable":true,"href":"https:\/\/kapini.dk\/de\/wp-json\/wp\/v2\/product_tag?post=3405"}],"curies":[{"name":"wp","href":"https:\/\/api.w.org\/{rel}","templated":true}]}}