{"id":3370,"date":"2022-09-27T12:37:52","date_gmt":"2022-09-27T11:37:52","guid":{"rendered":"https:\/\/kapini.dk\/?post_type=product&#038;p=3370"},"modified":"2022-09-27T12:41:13","modified_gmt":"2022-09-27T11:41:13","slug":"yagya-ring","status":"publish","type":"product","link":"https:\/\/kapini.dk\/de\/suesswasserperlen\/yagya-ring\/","title":{"rendered":"Yagya-Ring"},"content":{"rendered":"<!--themify_builder_content-->\n<div id=\"themify_builder_content-3370\" data-postid=\"3370\" class=\"themify_builder_content themify_builder_content-3370 themify_builder tf_clear\">\n    <\/div>\n<!--\/themify_builder_content-->\n","protected":false},"excerpt":{"rendered":"<p>Sch\u00f6ner kleiner Ring mit einem gepflegten und zarten Ausdruck; der Ring erscheint in vergoldetem (24 krt.) Sterlingsilber.<\/p>\n<p>Stein: Perle und Granat<\/p>\n<p>H\u00f6he: 8 mm, Breite: 22 mm, Tiefe: 26 mm (Ma\u00dfe variieren je nach Ringgr\u00f6\u00dfe)<\/p>\n","protected":false},"featured_media":3384,"comment_status":"open","ping_status":"closed","template":"","meta":[],"product_brand":[],"product_cat":[168,211,82],"product_tag":[],"class_list":{"0":"post-3370","1":"product","2":"type-product","3":"status-publish","4":"has-post-thumbnail","6":"product_cat-fingerringe","7":"product_cat-suesswasserperlen","8":"product_cat-red-leaves","9":"pa_farve-rot","10":"pa_metal-gold-de","11":"pa_sten-granat","12":"pa_sten-perlen","13":"pa_str-52-de","14":"pa_str-54-de","15":"pa_str-57-de","16":"pa_str-59-de","17":"pa_str-62-de","18":"has-post-title","19":"has-post-date","20":"has-post-category","21":"has-post-tag","22":"has-post-comment","23":"has-post-author","24":"","26":"first","27":"outofstock","28":"taxable","29":"shipping-taxable","30":"purchasable","31":"product-type-variable"},"builder_content":"","_links":{"self":[{"href":"https:\/\/kapini.dk\/de\/wp-json\/wp\/v2\/product\/3370","targetHints":{"allow":["GET"]}}],"collection":[{"href":"https:\/\/kapini.dk\/de\/wp-json\/wp\/v2\/product"}],"about":[{"href":"https:\/\/kapini.dk\/de\/wp-json\/wp\/v2\/types\/product"}],"replies":[{"embeddable":true,"href":"https:\/\/kapini.dk\/de\/wp-json\/wp\/v2\/comments?post=3370"}],"wp:featuredmedia":[{"embeddable":true,"href":"https:\/\/kapini.dk\/de\/wp-json\/wp\/v2\/media\/3384"}],"wp:attachment":[{"href":"https:\/\/kapini.dk\/de\/wp-json\/wp\/v2\/media?parent=3370"}],"wp:term":[{"taxonomy":"product_brand","embeddable":true,"href":"https:\/\/kapini.dk\/de\/wp-json\/wp\/v2\/product_brand?post=3370"},{"taxonomy":"product_cat","embeddable":true,"href":"https:\/\/kapini.dk\/de\/wp-json\/wp\/v2\/product_cat?post=3370"},{"taxonomy":"product_tag","embeddable":true,"href":"https:\/\/kapini.dk\/de\/wp-json\/wp\/v2\/product_tag?post=3370"}],"curies":[{"name":"wp","href":"https:\/\/api.w.org\/{rel}","templated":true}]}}