{"id":3336,"date":"2022-09-27T12:33:41","date_gmt":"2022-09-27T11:33:41","guid":{"rendered":"https:\/\/kapini.dk\/?post_type=product&#038;p=3336"},"modified":"2022-09-27T12:37:29","modified_gmt":"2022-09-27T11:37:29","slug":"yaday-ring","status":"publish","type":"product","link":"https:\/\/kapini.dk\/de\/suesswasserperlen\/yaday-ring\/","title":{"rendered":"Yaday-Ring"},"content":{"rendered":"<!--themify_builder_content-->\n<div id=\"themify_builder_content-3336\" data-postid=\"3336\" class=\"themify_builder_content themify_builder_content-3336 themify_builder tf_clear\">\n    <\/div>\n<!--\/themify_builder_content-->\n","protected":false},"excerpt":{"rendered":"<p>Raffinierter Fingerring mit leichtem und raffiniertem Ausdruck. Der Ring ist aus vergoldetem (24ct.) Sterlingsilber gefertigt.<\/p>\n<p>Stein: Perle<\/p>\n<p>H\u00f6he: 17 mm, Breite: 22 mm, Tiefe: 23 mm (Ma\u00dfe variieren je nach Ringgr\u00f6\u00dfe)<\/p>\n<p>Dieser Fingerring ist offen und kann in der Gr\u00f6\u00dfe angepasst werden.<\/p>\n","protected":false},"featured_media":3353,"comment_status":"open","ping_status":"closed","template":"","meta":[],"product_brand":[],"product_cat":[168,211,82],"product_tag":[],"class_list":{"0":"post-3336","1":"product","2":"type-product","3":"status-publish","4":"has-post-thumbnail","6":"product_cat-fingerringe","7":"product_cat-suesswasserperlen","8":"product_cat-red-leaves","9":"pa_metal-gold-de","10":"pa_sten-perlen","11":"pa_str-52-de","12":"pa_str-54-de","13":"pa_str-57-de","14":"pa_str-59-de","15":"pa_str-62-de","16":"has-post-title","17":"has-post-date","18":"has-post-category","19":"has-post-tag","20":"has-post-comment","21":"has-post-author","22":"","24":"first","25":"outofstock","26":"taxable","27":"shipping-taxable","28":"purchasable","29":"product-type-variable"},"builder_content":"","_links":{"self":[{"href":"https:\/\/kapini.dk\/de\/wp-json\/wp\/v2\/product\/3336","targetHints":{"allow":["GET"]}}],"collection":[{"href":"https:\/\/kapini.dk\/de\/wp-json\/wp\/v2\/product"}],"about":[{"href":"https:\/\/kapini.dk\/de\/wp-json\/wp\/v2\/types\/product"}],"replies":[{"embeddable":true,"href":"https:\/\/kapini.dk\/de\/wp-json\/wp\/v2\/comments?post=3336"}],"wp:featuredmedia":[{"embeddable":true,"href":"https:\/\/kapini.dk\/de\/wp-json\/wp\/v2\/media\/3353"}],"wp:attachment":[{"href":"https:\/\/kapini.dk\/de\/wp-json\/wp\/v2\/media?parent=3336"}],"wp:term":[{"taxonomy":"product_brand","embeddable":true,"href":"https:\/\/kapini.dk\/de\/wp-json\/wp\/v2\/product_brand?post=3336"},{"taxonomy":"product_cat","embeddable":true,"href":"https:\/\/kapini.dk\/de\/wp-json\/wp\/v2\/product_cat?post=3336"},{"taxonomy":"product_tag","embeddable":true,"href":"https:\/\/kapini.dk\/de\/wp-json\/wp\/v2\/product_tag?post=3336"}],"curies":[{"name":"wp","href":"https:\/\/api.w.org\/{rel}","templated":true}]}}