{"id":3302,"date":"2022-09-27T12:28:04","date_gmt":"2022-09-27T11:28:04","guid":{"rendered":"https:\/\/kapini.dk\/?post_type=product&#038;p=3302"},"modified":"2022-09-27T12:34:00","modified_gmt":"2022-09-27T11:34:00","slug":"yatindra-ring","status":"publish","type":"product","link":"https:\/\/kapini.dk\/de\/suesswasserperlen\/yatindra-ring\/","title":{"rendered":"Yatindra-Ring"},"content":{"rendered":"<!--themify_builder_content-->\n<div id=\"themify_builder_content-3302\" data-postid=\"3302\" class=\"themify_builder_content themify_builder_content-3302 themify_builder tf_clear\">\n    <\/div>\n<!--\/themify_builder_content-->\n","protected":false},"excerpt":{"rendered":"<p>Festlicher und spektakul\u00e4rer Fingerring mit prachtvollem Aussehen; der Ring ist aus rhodiniertem Sterlingsilber gefertigt.<\/p>\n<p>Stein: Muschel-Perlen und Zirkon<\/p>\n<p>H\u00f6he: 30 mm, Breite: 32 mm, Tiefe: 32 mm (Ma\u00dfe variieren je nach Ringgr\u00f6\u00dfe)<\/p>\n","protected":false},"featured_media":3316,"comment_status":"open","ping_status":"closed","template":"","meta":[],"product_brand":[],"product_cat":[168,211,82],"product_tag":[],"class_list":{"0":"post-3302","1":"product","2":"type-product","3":"status-publish","4":"has-post-thumbnail","6":"product_cat-fingerringe","7":"product_cat-suesswasserperlen","8":"product_cat-red-leaves","9":"pa_farve-schwarz","10":"pa_metal-gold-de","11":"pa_metal-rhodium-de","12":"pa_sten-perlen","13":"pa_sten-perlmutt","14":"pa_str-52-de","15":"pa_str-54-de","16":"pa_str-57-de","17":"pa_str-59-de","18":"pa_str-62-de","19":"has-post-title","20":"has-post-date","21":"has-post-category","22":"has-post-tag","23":"has-post-comment","24":"has-post-author","25":"","27":"first","28":"outofstock","29":"taxable","30":"shipping-taxable","31":"purchasable","32":"product-type-variable"},"builder_content":"","_links":{"self":[{"href":"https:\/\/kapini.dk\/de\/wp-json\/wp\/v2\/product\/3302","targetHints":{"allow":["GET"]}}],"collection":[{"href":"https:\/\/kapini.dk\/de\/wp-json\/wp\/v2\/product"}],"about":[{"href":"https:\/\/kapini.dk\/de\/wp-json\/wp\/v2\/types\/product"}],"replies":[{"embeddable":true,"href":"https:\/\/kapini.dk\/de\/wp-json\/wp\/v2\/comments?post=3302"}],"wp:featuredmedia":[{"embeddable":true,"href":"https:\/\/kapini.dk\/de\/wp-json\/wp\/v2\/media\/3316"}],"wp:attachment":[{"href":"https:\/\/kapini.dk\/de\/wp-json\/wp\/v2\/media?parent=3302"}],"wp:term":[{"taxonomy":"product_brand","embeddable":true,"href":"https:\/\/kapini.dk\/de\/wp-json\/wp\/v2\/product_brand?post=3302"},{"taxonomy":"product_cat","embeddable":true,"href":"https:\/\/kapini.dk\/de\/wp-json\/wp\/v2\/product_cat?post=3302"},{"taxonomy":"product_tag","embeddable":true,"href":"https:\/\/kapini.dk\/de\/wp-json\/wp\/v2\/product_tag?post=3302"}],"curies":[{"name":"wp","href":"https:\/\/api.w.org\/{rel}","templated":true}]}}