{"id":2955,"date":"2022-09-26T16:41:12","date_gmt":"2022-09-26T15:41:12","guid":{"rendered":"https:\/\/kapini.dk\/?post_type=product&#038;p=2955"},"modified":"2022-09-26T16:43:47","modified_gmt":"2022-09-26T15:43:47","slug":"harnoop-ring","status":"publish","type":"product","link":"https:\/\/kapini.dk\/de\/fingerringe\/harnoop-ring\/","title":{"rendered":"Harnoop-Ring"},"content":{"rendered":"<!--themify_builder_content-->\n<div id=\"themify_builder_content-2955\" data-postid=\"2955\" class=\"themify_builder_content themify_builder_content-2955 themify_builder tf_clear\">\n    <\/div>\n<!--\/themify_builder_content-->\n","protected":false},"excerpt":{"rendered":"<p>Raffinierter Fingerring mit einzigartigem Ausdruck; der Ring ist aus leicht rhodiniertem und vergoldetem (24 krt.) Sterlingsilber.<\/p>\n<p>Stein: Granat<\/p>\n<p>H\u00f6he: 14 mm, Breite: 27 mm, Tiefe: 26 mm (Ma\u00dfe variieren je nach Ringgr\u00f6\u00dfe)<\/p>\n<p>Dieser Fingerring ist offen und kann in der Gr\u00f6\u00dfe angepasst werden.<\/p>\n","protected":false},"featured_media":2969,"comment_status":"open","ping_status":"closed","template":"","meta":[],"product_brand":[],"product_cat":[168,82],"product_tag":[],"class_list":{"0":"post-2955","1":"product","2":"type-product","3":"status-publish","4":"has-post-thumbnail","6":"product_cat-fingerringe","7":"product_cat-red-leaves","8":"pa_farve-rot","9":"pa_metal-gold-de","10":"pa_metal-rhodium-de","11":"pa_metal-silber","12":"pa_sten-granat","13":"pa_str-52-de","14":"pa_str-54-de","15":"pa_str-57-de","16":"pa_str-59-de","17":"pa_str-62-de","18":"has-post-title","19":"has-post-date","20":"has-post-category","21":"has-post-tag","22":"has-post-comment","23":"has-post-author","24":"","26":"first","27":"outofstock","28":"taxable","29":"shipping-taxable","30":"purchasable","31":"product-type-variable"},"builder_content":"","_links":{"self":[{"href":"https:\/\/kapini.dk\/de\/wp-json\/wp\/v2\/product\/2955","targetHints":{"allow":["GET"]}}],"collection":[{"href":"https:\/\/kapini.dk\/de\/wp-json\/wp\/v2\/product"}],"about":[{"href":"https:\/\/kapini.dk\/de\/wp-json\/wp\/v2\/types\/product"}],"replies":[{"embeddable":true,"href":"https:\/\/kapini.dk\/de\/wp-json\/wp\/v2\/comments?post=2955"}],"wp:featuredmedia":[{"embeddable":true,"href":"https:\/\/kapini.dk\/de\/wp-json\/wp\/v2\/media\/2969"}],"wp:attachment":[{"href":"https:\/\/kapini.dk\/de\/wp-json\/wp\/v2\/media?parent=2955"}],"wp:term":[{"taxonomy":"product_brand","embeddable":true,"href":"https:\/\/kapini.dk\/de\/wp-json\/wp\/v2\/product_brand?post=2955"},{"taxonomy":"product_cat","embeddable":true,"href":"https:\/\/kapini.dk\/de\/wp-json\/wp\/v2\/product_cat?post=2955"},{"taxonomy":"product_tag","embeddable":true,"href":"https:\/\/kapini.dk\/de\/wp-json\/wp\/v2\/product_tag?post=2955"}],"curies":[{"name":"wp","href":"https:\/\/api.w.org\/{rel}","templated":true}]}}