{"id":2883,"date":"2022-09-26T16:33:52","date_gmt":"2022-09-26T15:33:52","guid":{"rendered":"https:\/\/kapini.dk\/?post_type=product&#038;p=2883"},"modified":"2022-09-26T16:37:15","modified_gmt":"2022-09-26T15:37:15","slug":"gurratan-ring","status":"publish","type":"product","link":"https:\/\/kapini.dk\/de\/suesswasserperlen\/gurratan-ring\/","title":{"rendered":"Gurratan-Ring"},"content":{"rendered":"<!--themify_builder_content-->\n<div id=\"themify_builder_content-2883\" data-postid=\"2883\" class=\"themify_builder_content themify_builder_content-2883 themify_builder tf_clear\">\n    <\/div>\n<!--\/themify_builder_content-->\n","protected":false},"excerpt":{"rendered":"<p>Atemberaubender, mit Edelsteinen besetzter Fingerring. Der Ring ist aus rhodiniertem und vergoldetem (24ct.) Sterlingsilber.<\/p>\n<p>Stein: Perle und Granat<\/p>\n<p>H\u00f6he: 22 mm, Breite: 28 mm, Tiefe: 28 mm (Ma\u00dfe variieren je nach Ringgr\u00f6\u00dfe)<\/p>\n","protected":false},"featured_media":2897,"comment_status":"open","ping_status":"closed","template":"","meta":[],"product_brand":[],"product_cat":[168,211,82],"product_tag":[],"class_list":{"0":"post-2883","1":"product","2":"type-product","3":"status-publish","4":"has-post-thumbnail","6":"product_cat-fingerringe","7":"product_cat-suesswasserperlen","8":"product_cat-red-leaves","9":"pa_farve-rot","10":"pa_metal-gold-de","11":"pa_metal-rhodium-de","12":"pa_metal-silber","13":"pa_sten-granat","14":"pa_sten-perlen","15":"pa_str-52-de","16":"pa_str-54-de","17":"pa_str-57-de","18":"pa_str-59-de","19":"pa_str-62-de","20":"has-post-title","21":"has-post-date","22":"has-post-category","23":"has-post-tag","24":"has-post-comment","25":"has-post-author","26":"","28":"first","29":"outofstock","30":"taxable","31":"shipping-taxable","32":"purchasable","33":"product-type-variable"},"builder_content":"","_links":{"self":[{"href":"https:\/\/kapini.dk\/de\/wp-json\/wp\/v2\/product\/2883","targetHints":{"allow":["GET"]}}],"collection":[{"href":"https:\/\/kapini.dk\/de\/wp-json\/wp\/v2\/product"}],"about":[{"href":"https:\/\/kapini.dk\/de\/wp-json\/wp\/v2\/types\/product"}],"replies":[{"embeddable":true,"href":"https:\/\/kapini.dk\/de\/wp-json\/wp\/v2\/comments?post=2883"}],"wp:featuredmedia":[{"embeddable":true,"href":"https:\/\/kapini.dk\/de\/wp-json\/wp\/v2\/media\/2897"}],"wp:attachment":[{"href":"https:\/\/kapini.dk\/de\/wp-json\/wp\/v2\/media?parent=2883"}],"wp:term":[{"taxonomy":"product_brand","embeddable":true,"href":"https:\/\/kapini.dk\/de\/wp-json\/wp\/v2\/product_brand?post=2883"},{"taxonomy":"product_cat","embeddable":true,"href":"https:\/\/kapini.dk\/de\/wp-json\/wp\/v2\/product_cat?post=2883"},{"taxonomy":"product_tag","embeddable":true,"href":"https:\/\/kapini.dk\/de\/wp-json\/wp\/v2\/product_tag?post=2883"}],"curies":[{"name":"wp","href":"https:\/\/api.w.org\/{rel}","templated":true}]}}