{"id":2812,"date":"2022-09-26T16:25:38","date_gmt":"2022-09-26T15:25:38","guid":{"rendered":"https:\/\/kapini.dk\/?post_type=product&#038;p=2812"},"modified":"2022-09-26T16:29:59","modified_gmt":"2022-09-26T15:29:59","slug":"rohaani-ring","status":"publish","type":"product","link":"https:\/\/kapini.dk\/de\/fingerringe\/rohaani-ring\/","title":{"rendered":"Rohaani-Ring"},"content":{"rendered":"<!--themify_builder_content-->\n<div id=\"themify_builder_content-2812\" data-postid=\"2812\" class=\"themify_builder_content themify_builder_content-2812 themify_builder tf_clear\">\n    <\/div>\n<!--\/themify_builder_content-->\n","protected":false},"excerpt":{"rendered":"<p>Eleganter filigraner Fingerring mit sch\u00f6nem und stilvollem Design; der Ring ist aus rhodiniertem und vergoldetem (24ct.) Sterlingsilber gefertigt.<\/p>\n<p>Stein: Heller Amethyst<\/p>\n<p>H\u00f6he: 17 mm, Breite: 22 mm, Tiefe: 23 mm (Ma\u00dfe variieren je nach Ringgr\u00f6\u00dfe)<\/p>\n","protected":false},"featured_media":2829,"comment_status":"open","ping_status":"closed","template":"","meta":[],"product_brand":[],"product_cat":[168,82],"product_tag":[],"class_list":{"0":"post-2812","1":"product","2":"type-product","3":"status-publish","4":"has-post-thumbnail","6":"product_cat-fingerringe","7":"product_cat-red-leaves","8":"pa_farve-kleine","9":"pa_metal-gold-de","10":"pa_metal-rhodium-de","11":"pa_metal-silber","12":"pa_sten-amethyst","13":"pa_str-52-de","14":"pa_str-54-de","15":"pa_str-57-de","16":"pa_str-59-de","17":"pa_str-62-de","18":"has-post-title","19":"has-post-date","20":"has-post-category","21":"has-post-tag","22":"has-post-comment","23":"has-post-author","24":"","26":"first","27":"outofstock","28":"taxable","29":"shipping-taxable","30":"purchasable","31":"product-type-variable"},"builder_content":"","_links":{"self":[{"href":"https:\/\/kapini.dk\/de\/wp-json\/wp\/v2\/product\/2812","targetHints":{"allow":["GET"]}}],"collection":[{"href":"https:\/\/kapini.dk\/de\/wp-json\/wp\/v2\/product"}],"about":[{"href":"https:\/\/kapini.dk\/de\/wp-json\/wp\/v2\/types\/product"}],"replies":[{"embeddable":true,"href":"https:\/\/kapini.dk\/de\/wp-json\/wp\/v2\/comments?post=2812"}],"wp:featuredmedia":[{"embeddable":true,"href":"https:\/\/kapini.dk\/de\/wp-json\/wp\/v2\/media\/2829"}],"wp:attachment":[{"href":"https:\/\/kapini.dk\/de\/wp-json\/wp\/v2\/media?parent=2812"}],"wp:term":[{"taxonomy":"product_brand","embeddable":true,"href":"https:\/\/kapini.dk\/de\/wp-json\/wp\/v2\/product_brand?post=2812"},{"taxonomy":"product_cat","embeddable":true,"href":"https:\/\/kapini.dk\/de\/wp-json\/wp\/v2\/product_cat?post=2812"},{"taxonomy":"product_tag","embeddable":true,"href":"https:\/\/kapini.dk\/de\/wp-json\/wp\/v2\/product_tag?post=2812"}],"curies":[{"name":"wp","href":"https:\/\/api.w.org\/{rel}","templated":true}]}}