{"id":2665,"date":"2022-09-26T15:32:16","date_gmt":"2022-09-26T14:32:16","guid":{"rendered":"https:\/\/kapini.dk\/?post_type=product&#038;p=2665"},"modified":"2022-09-26T15:38:54","modified_gmt":"2022-09-26T14:38:54","slug":"gigyansh-ring","status":"publish","type":"product","link":"https:\/\/kapini.dk\/de\/fingerringe\/gigyansh-ring\/","title":{"rendered":"Gigyansh-Ring"},"content":{"rendered":"<!--themify_builder_content-->\n<div id=\"themify_builder_content-2665\" data-postid=\"2665\" class=\"themify_builder_content themify_builder_content-2665 themify_builder tf_clear\">\n    <\/div>\n<!--\/themify_builder_content-->\n","protected":false},"excerpt":{"rendered":"<p>Einzigartiger Ring mit einer unglaublichen Vielfalt an Edelsteinen; der Ring wird in rhodiniertem und vergoldetem (24ct.) Sterlingsilber pr\u00e4sentiert.<\/p>\n<p>Steine: Turmalin (mehrere Farben), Peridot, Topas, Amethyst und Citrin<\/p>\n<p>H\u00f6he: 23 mm, Breite: 26 mm, Tiefe: 32 mm (Ma\u00dfe variieren je nach Ringgr\u00f6\u00dfe)<\/p>\n","protected":false},"featured_media":2679,"comment_status":"open","ping_status":"closed","template":"","meta":[],"product_brand":[],"product_cat":[168,82],"product_tag":[],"class_list":{"0":"post-2665","1":"product","2":"type-product","3":"status-publish","4":"has-post-thumbnail","6":"product_cat-fingerringe","7":"product_cat-red-leaves","8":"pa_farve-gelb","9":"pa_farve-gruen","10":"pa_farve-kleine","11":"pa_farve-orange-de","12":"pa_farve-rot","13":"pa_metal-gold-de","14":"pa_metal-rhodium-de","15":"pa_metal-silber","16":"pa_sten-amethyst","17":"pa_sten-citrin","18":"pa_sten-londoner-blautopas","19":"pa_sten-peridot","20":"pa_sten-turmalin","21":"pa_str-52-de","22":"pa_str-54-de","23":"pa_str-57-de","24":"pa_str-59-de","25":"pa_str-62-de","26":"has-post-title","27":"has-post-date","28":"has-post-category","29":"has-post-tag","30":"has-post-comment","31":"has-post-author","32":"","34":"first","35":"outofstock","36":"taxable","37":"shipping-taxable","38":"purchasable","39":"product-type-variable"},"builder_content":"","_links":{"self":[{"href":"https:\/\/kapini.dk\/de\/wp-json\/wp\/v2\/product\/2665","targetHints":{"allow":["GET"]}}],"collection":[{"href":"https:\/\/kapini.dk\/de\/wp-json\/wp\/v2\/product"}],"about":[{"href":"https:\/\/kapini.dk\/de\/wp-json\/wp\/v2\/types\/product"}],"replies":[{"embeddable":true,"href":"https:\/\/kapini.dk\/de\/wp-json\/wp\/v2\/comments?post=2665"}],"wp:featuredmedia":[{"embeddable":true,"href":"https:\/\/kapini.dk\/de\/wp-json\/wp\/v2\/media\/2679"}],"wp:attachment":[{"href":"https:\/\/kapini.dk\/de\/wp-json\/wp\/v2\/media?parent=2665"}],"wp:term":[{"taxonomy":"product_brand","embeddable":true,"href":"https:\/\/kapini.dk\/de\/wp-json\/wp\/v2\/product_brand?post=2665"},{"taxonomy":"product_cat","embeddable":true,"href":"https:\/\/kapini.dk\/de\/wp-json\/wp\/v2\/product_cat?post=2665"},{"taxonomy":"product_tag","embeddable":true,"href":"https:\/\/kapini.dk\/de\/wp-json\/wp\/v2\/product_tag?post=2665"}],"curies":[{"name":"wp","href":"https:\/\/api.w.org\/{rel}","templated":true}]}}