{"id":2563,"date":"2022-09-26T15:19:13","date_gmt":"2022-09-26T14:19:13","guid":{"rendered":"https:\/\/kapini.dk\/?post_type=product&#038;p=2563"},"modified":"2022-09-26T15:22:43","modified_gmt":"2022-09-26T14:22:43","slug":"fanala-ring","status":"publish","type":"product","link":"https:\/\/kapini.dk\/de\/suesswasserperlen\/fanala-ring\/","title":{"rendered":"Fanala-Ring"},"content":{"rendered":"<!--themify_builder_content-->\n<div id=\"themify_builder_content-2563\" data-postid=\"2563\" class=\"themify_builder_content themify_builder_content-2563 themify_builder tf_clear\">\n    <\/div>\n<!--\/themify_builder_content-->\n","protected":false},"excerpt":{"rendered":"<p>Sch\u00f6ner Fingerring mit eingesetzter Barockperle; der Ring ist aus leicht rhodiniertem und vergoldetem (24 krt.) Sterlingsilber.<\/p>\n<p>Stein: Barockperle und Diopsid<\/p>\n<p>H\u00f6he: 23 mm, Breite: 21 mm, Tiefe: 28 mm (Ma\u00dfe variieren je nach Ringgr\u00f6\u00dfe)<\/p>\n","protected":false},"featured_media":2577,"comment_status":"open","ping_status":"closed","template":"","meta":[],"product_brand":[],"product_cat":[168,211,82],"product_tag":[],"class_list":{"0":"post-2563","1":"product","2":"type-product","3":"status-publish","4":"has-post-thumbnail","6":"product_cat-fingerringe","7":"product_cat-suesswasserperlen","8":"product_cat-red-leaves","9":"pa_farve-gruen","10":"pa_metal-gold-de","11":"pa_metal-rhodium-de","12":"pa_metal-silber","13":"pa_sten-diopsid","14":"pa_sten-perlen","15":"pa_str-52-de","16":"pa_str-54-de","17":"pa_str-57-de","18":"pa_str-59-de","19":"pa_str-62-de","20":"has-post-title","21":"has-post-date","22":"has-post-category","23":"has-post-tag","24":"has-post-comment","25":"has-post-author","26":"","28":"first","29":"outofstock","30":"taxable","31":"shipping-taxable","32":"purchasable","33":"product-type-variable"},"builder_content":"","_links":{"self":[{"href":"https:\/\/kapini.dk\/de\/wp-json\/wp\/v2\/product\/2563","targetHints":{"allow":["GET"]}}],"collection":[{"href":"https:\/\/kapini.dk\/de\/wp-json\/wp\/v2\/product"}],"about":[{"href":"https:\/\/kapini.dk\/de\/wp-json\/wp\/v2\/types\/product"}],"replies":[{"embeddable":true,"href":"https:\/\/kapini.dk\/de\/wp-json\/wp\/v2\/comments?post=2563"}],"wp:featuredmedia":[{"embeddable":true,"href":"https:\/\/kapini.dk\/de\/wp-json\/wp\/v2\/media\/2577"}],"wp:attachment":[{"href":"https:\/\/kapini.dk\/de\/wp-json\/wp\/v2\/media?parent=2563"}],"wp:term":[{"taxonomy":"product_brand","embeddable":true,"href":"https:\/\/kapini.dk\/de\/wp-json\/wp\/v2\/product_brand?post=2563"},{"taxonomy":"product_cat","embeddable":true,"href":"https:\/\/kapini.dk\/de\/wp-json\/wp\/v2\/product_cat?post=2563"},{"taxonomy":"product_tag","embeddable":true,"href":"https:\/\/kapini.dk\/de\/wp-json\/wp\/v2\/product_tag?post=2563"}],"curies":[{"name":"wp","href":"https:\/\/api.w.org\/{rel}","templated":true}]}}