{"id":2423,"date":"2022-09-26T15:04:00","date_gmt":"2022-09-26T14:04:00","guid":{"rendered":"https:\/\/kapini.dk\/?post_type=product&#038;p=2423"},"modified":"2022-09-26T15:07:08","modified_gmt":"2022-09-26T14:07:08","slug":"divsimar-ring","status":"publish","type":"product","link":"https:\/\/kapini.dk\/de\/fingerringe\/divsimar-ring\/","title":{"rendered":"Divsimar-Ring"},"content":{"rendered":"<!--themify_builder_content-->\n<div id=\"themify_builder_content-2423\" data-postid=\"2423\" class=\"themify_builder_content themify_builder_content-2423 themify_builder tf_clear\">\n    <\/div>\n<!--\/themify_builder_content-->\n","protected":false},"excerpt":{"rendered":"<p>Stilvoller Ring aus rhodiniertem und vergoldetem (24 kt.) Sterlingsilber mit schlichtem und elegantem Ausdruck.<\/p>\n<p>Steine: heller Amethyst und Diopsid<\/p>\n<p>H\u00f6he: 17 mm, Breite: 22 mm, Tiefe: 22 mm (Ma\u00dfe variieren je nach Ringgr\u00f6\u00dfe)<\/p>\n","protected":false},"featured_media":2437,"comment_status":"open","ping_status":"closed","template":"","meta":[],"product_brand":[],"product_cat":[168,82],"product_tag":[],"class_list":{"0":"post-2423","1":"product","2":"type-product","3":"status-publish","4":"has-post-thumbnail","6":"product_cat-fingerringe","7":"product_cat-red-leaves","8":"pa_farve-gruen","9":"pa_farve-kleine","10":"pa_metal-gold-de","11":"pa_metal-rhodium-de","12":"pa_metal-silber","13":"pa_sten-amethyst","14":"pa_sten-diopsid","15":"pa_str-52-de","16":"pa_str-54-de","17":"pa_str-57-de","18":"pa_str-59-de","19":"pa_str-62-de","20":"has-post-title","21":"has-post-date","22":"has-post-category","23":"has-post-tag","24":"has-post-comment","25":"has-post-author","26":"","28":"first","29":"outofstock","30":"taxable","31":"shipping-taxable","32":"purchasable","33":"product-type-variable"},"builder_content":"","_links":{"self":[{"href":"https:\/\/kapini.dk\/de\/wp-json\/wp\/v2\/product\/2423","targetHints":{"allow":["GET"]}}],"collection":[{"href":"https:\/\/kapini.dk\/de\/wp-json\/wp\/v2\/product"}],"about":[{"href":"https:\/\/kapini.dk\/de\/wp-json\/wp\/v2\/types\/product"}],"replies":[{"embeddable":true,"href":"https:\/\/kapini.dk\/de\/wp-json\/wp\/v2\/comments?post=2423"}],"wp:featuredmedia":[{"embeddable":true,"href":"https:\/\/kapini.dk\/de\/wp-json\/wp\/v2\/media\/2437"}],"wp:attachment":[{"href":"https:\/\/kapini.dk\/de\/wp-json\/wp\/v2\/media?parent=2423"}],"wp:term":[{"taxonomy":"product_brand","embeddable":true,"href":"https:\/\/kapini.dk\/de\/wp-json\/wp\/v2\/product_brand?post=2423"},{"taxonomy":"product_cat","embeddable":true,"href":"https:\/\/kapini.dk\/de\/wp-json\/wp\/v2\/product_cat?post=2423"},{"taxonomy":"product_tag","embeddable":true,"href":"https:\/\/kapini.dk\/de\/wp-json\/wp\/v2\/product_tag?post=2423"}],"curies":[{"name":"wp","href":"https:\/\/api.w.org\/{rel}","templated":true}]}}