{"id":2346,"date":"2022-09-26T14:57:08","date_gmt":"2022-09-26T13:57:08","guid":{"rendered":"https:\/\/kapini.dk\/?post_type=product&#038;p=2346"},"modified":"2022-09-26T15:00:25","modified_gmt":"2022-09-26T14:00:25","slug":"dhonu-ring","status":"publish","type":"product","link":"https:\/\/kapini.dk\/de\/fingerringe\/dhonu-ring\/","title":{"rendered":"Dhonu-Ring"},"content":{"rendered":"<!--themify_builder_content-->\n<div id=\"themify_builder_content-2346\" data-postid=\"2346\" class=\"themify_builder_content themify_builder_content-2346 themify_builder tf_clear\">\n    <\/div>\n<!--\/themify_builder_content-->\n","protected":false},"excerpt":{"rendered":"<p>Atemberaubend sch\u00f6ner Fingerring mit geschmackvollem, eckigem Design; der Ring ist sowohl aus rhodiniertem als auch aus vergoldetem (24ct.) Sterlingsilber gefertigt.<\/p>\n<p>Stein: Topas<\/p>\n<p>H\u00f6he: 18 mm, Breite: 21 mm, Tiefe: 22 mm (Ma\u00dfe variieren je nach Ringgr\u00f6\u00dfe)<\/p>\n","protected":false},"featured_media":2360,"comment_status":"open","ping_status":"closed","template":"","meta":[],"product_brand":[],"product_cat":[168,82],"product_tag":[],"class_list":{"0":"post-2346","1":"product","2":"type-product","3":"status-publish","4":"has-post-thumbnail","6":"product_cat-fingerringe","7":"product_cat-red-leaves","8":"pa_farve-blau","9":"pa_metal-gold-de","10":"pa_metal-rhodium-de","11":"pa_metal-silber","12":"pa_sten-londoner-blautopas","13":"pa_str-52-de","14":"pa_str-54-de","15":"pa_str-57-de","16":"pa_str-59-de","17":"pa_str-62-de","18":"has-post-title","19":"has-post-date","20":"has-post-category","21":"has-post-tag","22":"has-post-comment","23":"has-post-author","24":"","26":"first","27":"outofstock","28":"taxable","29":"shipping-taxable","30":"purchasable","31":"product-type-variable"},"builder_content":"","_links":{"self":[{"href":"https:\/\/kapini.dk\/de\/wp-json\/wp\/v2\/product\/2346","targetHints":{"allow":["GET"]}}],"collection":[{"href":"https:\/\/kapini.dk\/de\/wp-json\/wp\/v2\/product"}],"about":[{"href":"https:\/\/kapini.dk\/de\/wp-json\/wp\/v2\/types\/product"}],"replies":[{"embeddable":true,"href":"https:\/\/kapini.dk\/de\/wp-json\/wp\/v2\/comments?post=2346"}],"wp:featuredmedia":[{"embeddable":true,"href":"https:\/\/kapini.dk\/de\/wp-json\/wp\/v2\/media\/2360"}],"wp:attachment":[{"href":"https:\/\/kapini.dk\/de\/wp-json\/wp\/v2\/media?parent=2346"}],"wp:term":[{"taxonomy":"product_brand","embeddable":true,"href":"https:\/\/kapini.dk\/de\/wp-json\/wp\/v2\/product_brand?post=2346"},{"taxonomy":"product_cat","embeddable":true,"href":"https:\/\/kapini.dk\/de\/wp-json\/wp\/v2\/product_cat?post=2346"},{"taxonomy":"product_tag","embeddable":true,"href":"https:\/\/kapini.dk\/de\/wp-json\/wp\/v2\/product_tag?post=2346"}],"curies":[{"name":"wp","href":"https:\/\/api.w.org\/{rel}","templated":true}]}}