{"id":2025,"date":"2022-09-26T14:25:40","date_gmt":"2022-09-26T13:25:40","guid":{"rendered":"https:\/\/kapini.dk\/?post_type=product&#038;p=2025"},"modified":"2022-09-26T14:29:42","modified_gmt":"2022-09-26T13:29:42","slug":"ahupa-ring","status":"publish","type":"product","link":"https:\/\/kapini.dk\/de\/fingerringe\/ahupa-ring\/","title":{"rendered":"Ahupa-Ring"},"content":{"rendered":"<!--themify_builder_content-->\n<div id=\"themify_builder_content-2025\" data-postid=\"2025\" class=\"themify_builder_content themify_builder_content-2025 themify_builder tf_clear\">\n    <\/div>\n<!--\/themify_builder_content-->\n","protected":false},"excerpt":{"rendered":"<p>Raffinierter und detailreicher Fingerring mit vielen sch\u00f6nen Naturmotiven; der Ring erscheint in rhodiniertem und vergoldetem (24 krt.) Sterlingsilber.<\/p>\n<p>Edelsteine: Opal, Amethyst, Granat, Zirkon, Citrin und Lapis<\/p>\n<p>H\u00f6he: 28 mm, Breite: 26 mm, Tiefe: 23 mm (Ma\u00dfe variieren je nach Ringgr\u00f6\u00dfe)<\/p>\n","protected":false},"featured_media":2039,"comment_status":"open","ping_status":"closed","template":"","meta":[],"product_brand":[],"product_cat":[168,82],"product_tag":[],"class_list":{"0":"post-2025","1":"product","2":"type-product","3":"status-publish","4":"has-post-thumbnail","6":"product_cat-fingerringe","7":"product_cat-red-leaves","8":"pa_farve-blau","9":"pa_farve-kleine","10":"pa_farve-rot","11":"pa_metal-gold-de","12":"pa_metal-rhodium-de","13":"pa_metal-silber","14":"pa_sten-amethyst","15":"pa_sten-citrin","16":"pa_sten-granat","17":"pa_sten-lapislazuli","18":"pa_sten-opal","19":"pa_str-52-de","20":"pa_str-54-de","21":"pa_str-57-de","22":"pa_str-59-de","23":"pa_str-62-de","24":"has-post-title","25":"has-post-date","26":"has-post-category","27":"has-post-tag","28":"has-post-comment","29":"has-post-author","30":"","32":"first","33":"outofstock","34":"taxable","35":"shipping-taxable","36":"purchasable","37":"product-type-variable"},"builder_content":"","_links":{"self":[{"href":"https:\/\/kapini.dk\/de\/wp-json\/wp\/v2\/product\/2025","targetHints":{"allow":["GET"]}}],"collection":[{"href":"https:\/\/kapini.dk\/de\/wp-json\/wp\/v2\/product"}],"about":[{"href":"https:\/\/kapini.dk\/de\/wp-json\/wp\/v2\/types\/product"}],"replies":[{"embeddable":true,"href":"https:\/\/kapini.dk\/de\/wp-json\/wp\/v2\/comments?post=2025"}],"wp:featuredmedia":[{"embeddable":true,"href":"https:\/\/kapini.dk\/de\/wp-json\/wp\/v2\/media\/2039"}],"wp:attachment":[{"href":"https:\/\/kapini.dk\/de\/wp-json\/wp\/v2\/media?parent=2025"}],"wp:term":[{"taxonomy":"product_brand","embeddable":true,"href":"https:\/\/kapini.dk\/de\/wp-json\/wp\/v2\/product_brand?post=2025"},{"taxonomy":"product_cat","embeddable":true,"href":"https:\/\/kapini.dk\/de\/wp-json\/wp\/v2\/product_cat?post=2025"},{"taxonomy":"product_tag","embeddable":true,"href":"https:\/\/kapini.dk\/de\/wp-json\/wp\/v2\/product_tag?post=2025"}],"curies":[{"name":"wp","href":"https:\/\/api.w.org\/{rel}","templated":true}]}}