{"id":1917,"date":"2022-09-26T14:13:44","date_gmt":"2022-09-26T13:13:44","guid":{"rendered":"https:\/\/kapini.dk\/?post_type=product&#038;p=1917"},"modified":"2022-09-26T14:18:01","modified_gmt":"2022-09-26T13:18:01","slug":"yahnaa-ring","status":"publish","type":"product","link":"https:\/\/kapini.dk\/de\/suesswasserperlen\/yahnaa-ring\/","title":{"rendered":"Yahnaa-Ring"},"content":{"rendered":"<!--themify_builder_content-->\n<div id=\"themify_builder_content-1917\" data-postid=\"1917\" class=\"themify_builder_content themify_builder_content-1917 themify_builder tf_clear\">\n    <\/div>\n<!--\/themify_builder_content-->\n","protected":false},"excerpt":{"rendered":"<p>Interessanter und sehr sch\u00f6ner Ring, der sowohl elegant als auch rustikal wirkt; der Ring ist aus rhodiniertem und vergoldetem (24 krt.) Sterlingsilber.<\/p>\n<p>Stein: Abelone (mit Glas), Perle und Granat<\/p>\n<p>H\u00f6he: 20 mm, Breite: 20 mm, Tiefe: 22 mm (Ma\u00dfe variieren je nach Ringgr\u00f6\u00dfe)<\/p>\n","protected":false},"featured_media":1931,"comment_status":"open","ping_status":"closed","template":"","meta":[],"product_brand":[],"product_cat":[168,211,82],"product_tag":[],"class_list":{"0":"post-1917","1":"product","2":"type-product","3":"status-publish","4":"has-post-thumbnail","6":"product_cat-fingerringe","7":"product_cat-suesswasserperlen","8":"product_cat-red-leaves","9":"pa_farve-rot","10":"pa_farve-tuerken","11":"pa_metal-gold-de","12":"pa_metal-rhodium-de","13":"pa_metal-silber","14":"pa_sten-abelone","15":"pa_sten-granat","16":"pa_sten-perlen","17":"pa_str-52-de","18":"pa_str-54-de","19":"pa_str-57-de","20":"pa_str-59-de","21":"pa_str-62-de","22":"has-post-title","23":"has-post-date","24":"has-post-category","25":"has-post-tag","26":"has-post-comment","27":"has-post-author","28":"","30":"first","31":"outofstock","32":"taxable","33":"shipping-taxable","34":"purchasable","35":"product-type-variable"},"builder_content":"","_links":{"self":[{"href":"https:\/\/kapini.dk\/de\/wp-json\/wp\/v2\/product\/1917","targetHints":{"allow":["GET"]}}],"collection":[{"href":"https:\/\/kapini.dk\/de\/wp-json\/wp\/v2\/product"}],"about":[{"href":"https:\/\/kapini.dk\/de\/wp-json\/wp\/v2\/types\/product"}],"replies":[{"embeddable":true,"href":"https:\/\/kapini.dk\/de\/wp-json\/wp\/v2\/comments?post=1917"}],"wp:featuredmedia":[{"embeddable":true,"href":"https:\/\/kapini.dk\/de\/wp-json\/wp\/v2\/media\/1931"}],"wp:attachment":[{"href":"https:\/\/kapini.dk\/de\/wp-json\/wp\/v2\/media?parent=1917"}],"wp:term":[{"taxonomy":"product_brand","embeddable":true,"href":"https:\/\/kapini.dk\/de\/wp-json\/wp\/v2\/product_brand?post=1917"},{"taxonomy":"product_cat","embeddable":true,"href":"https:\/\/kapini.dk\/de\/wp-json\/wp\/v2\/product_cat?post=1917"},{"taxonomy":"product_tag","embeddable":true,"href":"https:\/\/kapini.dk\/de\/wp-json\/wp\/v2\/product_tag?post=1917"}],"curies":[{"name":"wp","href":"https:\/\/api.w.org\/{rel}","templated":true}]}}