{"id":1769,"date":"2022-09-26T13:57:53","date_gmt":"2022-09-26T12:57:53","guid":{"rendered":"https:\/\/kapini.dk\/?post_type=product&#038;p=1769"},"modified":"2022-09-26T14:02:05","modified_gmt":"2022-09-26T13:02:05","slug":"shanoli-ring","status":"publish","type":"product","link":"https:\/\/kapini.dk\/de\/suesswasserperlen\/shanoli-ring\/","title":{"rendered":"Shanoli-Ring"},"content":{"rendered":"<!--themify_builder_content-->\n<div id=\"themify_builder_content-1769\" data-postid=\"1769\" class=\"themify_builder_content themify_builder_content-1769 themify_builder tf_clear\">\n    <\/div>\n<!--\/themify_builder_content-->\n","protected":false},"excerpt":{"rendered":"<p>Raffinierter und unglaublich detaillierter Fingerring mit sch\u00f6nen Naturmotiven; der Ring erscheint sowohl in rhodiniertem als auch in vergoldetem (24 krt.) Sterlingsilber.<\/p>\n<p>Edelsteine: Perle, Zirkon, Citrin, Amethyst, Granat, Topas und Peridot<\/p>\n<p>H\u00f6he: 20 mm, Breite: 22 mm, Tiefe: 25 mm (Ma\u00dfe variieren je nach Ringgr\u00f6\u00dfe)<\/p>\n","protected":false},"featured_media":1783,"comment_status":"open","ping_status":"closed","template":"","meta":[],"product_brand":[],"product_cat":[168,211,82],"product_tag":[],"class_list":{"0":"post-1769","1":"product","2":"type-product","3":"status-publish","4":"has-post-thumbnail","6":"product_cat-fingerringe","7":"product_cat-suesswasserperlen","8":"product_cat-red-leaves","9":"pa_farve-blau","10":"pa_farve-gelb","11":"pa_farve-gruen","12":"pa_farve-rot","13":"pa_metal-gold-de","14":"pa_metal-rhodium-de","15":"pa_metal-silber","16":"pa_sten-amethyst","17":"pa_sten-citrin","18":"pa_sten-granat","19":"pa_sten-londoner-blautopas","20":"pa_sten-peridot","21":"pa_sten-perlen","22":"pa_str-52-de","23":"pa_str-54-de","24":"pa_str-57-de","25":"pa_str-59-de","26":"pa_str-62-de","27":"has-post-title","28":"has-post-date","29":"has-post-category","30":"has-post-tag","31":"has-post-comment","32":"has-post-author","33":"","35":"first","36":"outofstock","37":"taxable","38":"shipping-taxable","39":"purchasable","40":"product-type-variable"},"builder_content":"","_links":{"self":[{"href":"https:\/\/kapini.dk\/de\/wp-json\/wp\/v2\/product\/1769","targetHints":{"allow":["GET"]}}],"collection":[{"href":"https:\/\/kapini.dk\/de\/wp-json\/wp\/v2\/product"}],"about":[{"href":"https:\/\/kapini.dk\/de\/wp-json\/wp\/v2\/types\/product"}],"replies":[{"embeddable":true,"href":"https:\/\/kapini.dk\/de\/wp-json\/wp\/v2\/comments?post=1769"}],"wp:featuredmedia":[{"embeddable":true,"href":"https:\/\/kapini.dk\/de\/wp-json\/wp\/v2\/media\/1783"}],"wp:attachment":[{"href":"https:\/\/kapini.dk\/de\/wp-json\/wp\/v2\/media?parent=1769"}],"wp:term":[{"taxonomy":"product_brand","embeddable":true,"href":"https:\/\/kapini.dk\/de\/wp-json\/wp\/v2\/product_brand?post=1769"},{"taxonomy":"product_cat","embeddable":true,"href":"https:\/\/kapini.dk\/de\/wp-json\/wp\/v2\/product_cat?post=1769"},{"taxonomy":"product_tag","embeddable":true,"href":"https:\/\/kapini.dk\/de\/wp-json\/wp\/v2\/product_tag?post=1769"}],"curies":[{"name":"wp","href":"https:\/\/api.w.org\/{rel}","templated":true}]}}