{"id":1735,"date":"2022-09-26T13:54:18","date_gmt":"2022-09-26T12:54:18","guid":{"rendered":"https:\/\/kapini.dk\/?post_type=product&#038;p=1735"},"modified":"2022-09-26T13:57:37","modified_gmt":"2022-09-26T12:57:37","slug":"sanjona-ring","status":"publish","type":"product","link":"https:\/\/kapini.dk\/de\/fingerringe\/sanjona-ring\/","title":{"rendered":"Sanjona-Ring"},"content":{"rendered":"<!--themify_builder_content-->\n<div id=\"themify_builder_content-1735\" data-postid=\"1735\" class=\"themify_builder_content themify_builder_content-1735 themify_builder tf_clear\">\n    <\/div>\n<!--\/themify_builder_content-->\n","protected":false},"excerpt":{"rendered":"<p>Stilvoller Ring mit sch\u00f6nem geschwungenen Design; der Ring ist aus rhodiniertem und vergoldetem (24 krt.) Sterlingsilber gefertigt.<\/p>\n<p>Stein: Rosenquarz und Perlmutt<\/p>\n<p>H\u00f6he: 24 mm, Breite: 22 mm, Tiefe: 29 mm (Ma\u00dfe variieren je nach Ringgr\u00f6\u00dfe)<\/p>\n","protected":false},"featured_media":1749,"comment_status":"open","ping_status":"closed","template":"","meta":[],"product_brand":[],"product_cat":[168,82],"product_tag":[],"class_list":{"0":"post-1735","1":"product","2":"type-product","3":"status-publish","4":"has-post-thumbnail","6":"product_cat-fingerringe","7":"product_cat-red-leaves","8":"pa_farve-rosa-de","9":"pa_metal-gold-de","10":"pa_metal-rhodium-de","11":"pa_metal-silber","12":"pa_sten-perlmutt","13":"pa_sten-rosenquarz","14":"pa_str-52-de","15":"pa_str-54-de","16":"pa_str-57-de","17":"pa_str-59-de","18":"pa_str-62-de","19":"has-post-title","20":"has-post-date","21":"has-post-category","22":"has-post-tag","23":"has-post-comment","24":"has-post-author","25":"","27":"first","28":"outofstock","29":"taxable","30":"shipping-taxable","31":"purchasable","32":"product-type-variable"},"builder_content":"","_links":{"self":[{"href":"https:\/\/kapini.dk\/de\/wp-json\/wp\/v2\/product\/1735","targetHints":{"allow":["GET"]}}],"collection":[{"href":"https:\/\/kapini.dk\/de\/wp-json\/wp\/v2\/product"}],"about":[{"href":"https:\/\/kapini.dk\/de\/wp-json\/wp\/v2\/types\/product"}],"replies":[{"embeddable":true,"href":"https:\/\/kapini.dk\/de\/wp-json\/wp\/v2\/comments?post=1735"}],"wp:featuredmedia":[{"embeddable":true,"href":"https:\/\/kapini.dk\/de\/wp-json\/wp\/v2\/media\/1749"}],"wp:attachment":[{"href":"https:\/\/kapini.dk\/de\/wp-json\/wp\/v2\/media?parent=1735"}],"wp:term":[{"taxonomy":"product_brand","embeddable":true,"href":"https:\/\/kapini.dk\/de\/wp-json\/wp\/v2\/product_brand?post=1735"},{"taxonomy":"product_cat","embeddable":true,"href":"https:\/\/kapini.dk\/de\/wp-json\/wp\/v2\/product_cat?post=1735"},{"taxonomy":"product_tag","embeddable":true,"href":"https:\/\/kapini.dk\/de\/wp-json\/wp\/v2\/product_tag?post=1735"}],"curies":[{"name":"wp","href":"https:\/\/api.w.org\/{rel}","templated":true}]}}